{"id":888,"date":"2019-04-21T01:04:54","date_gmt":"2019-04-21T06:04:54","guid":{"rendered":"https:\/\/www.realcsfa.edu.co\/portal\/?page_id=888"},"modified":"2019-04-21T01:16:12","modified_gmt":"2019-04-21T06:16:12","slug":"artisticos","status":"publish","type":"page","link":"https:\/\/www.realcsfa.edu.co\/portal\/artisticos\/","title":{"rendered":"Art\u00edsticos"},"content":{"rendered":"<p>[vc_row][vc_column][vc_column_text]Se busca incentivar y cultivar el aprendizaje te\u00f3rico pr\u00e1ctica de diferentes expresiones que fomenten una disciplina en el estudiantado. A partir del mes de septiembre el colegio brinda artes en contra jornada, los horarios se entregar\u00e1n a partir del 15 de septiembre, despu\u00e9s de las inscripciones que se realicen por parte de los estudiantes y familias interesadas. Para Preescolar este servicio ser\u00e1 en los horarios de su jornada escolar. Dentro de estas disciplinas, encontramos:<\/p>\n<p><img loading=\"lazy\" decoding=\"async\" class=\" wp-image-892 aligncenter\" src=\"https:\/\/www.realcsfa.edu.co\/portal\/wp-content\/uploads\/2019\/04\/artisticos-300x176.png\" alt=\"\" width=\"668\" height=\"392\" srcset=\"https:\/\/www.realcsfa.edu.co\/portal\/wp-content\/uploads\/2019\/04\/artisticos-300x176.png 300w, https:\/\/www.realcsfa.edu.co\/portal\/wp-content\/uploads\/2019\/04\/artisticos.png 451w\" sizes=\"auto, (max-width: 668px) 100vw, 668px\" \/><\/p>\n<p>Banda r\u00edtmica.<\/p>\n<p>Coro.<\/p>\n<p>Teatro.<\/p>\n<p>Danza.<\/p>\n<p>Grupos musicales.<\/p>\n<p>Dentro de la ense\u00f1anza de los instrumentos musicales se encuentran guitarra, piano, bater\u00eda, quena, flauta y otras modalidades que se ir\u00e1n incluyendo dentro del portafolio de servicios art\u00edsticos del colegio.<\/p>\n<p>Participaci\u00f3n en actividades art\u00edsticas y culturales dentro y fuera de la ciudad.<\/p>\n<p>&nbsp;[\/vc_column_text][\/vc_column][\/vc_row]<\/p>\n","protected":false},"excerpt":{"rendered":"<p>[vc_row][vc_column][vc_column_text]Se busca incentivar y cultivar el aprendizaje te\u00f3rico pr\u00e1ctica de diferentes expresiones que fomenten una disciplina en el estudiantado. A partir del mes de septiembre el colegio brinda artes en contra jornada, los horarios se entregar\u00e1n a partir del 15 de septiembre, despu\u00e9s de las inscripciones que se realicen por parte de los estudiantes y [&hellip;]<\/p>\n","protected":false},"author":1,"featured_media":0,"parent":0,"menu_order":0,"comment_status":"closed","ping_status":"closed","template":"","meta":{"footnotes":""},"class_list":["post-888","page","type-page","status-publish","hentry"],"_links":{"self":[{"href":"https:\/\/www.realcsfa.edu.co\/portal\/wp-json\/wp\/v2\/pages\/888","targetHints":{"allow":["GET"]}}],"collection":[{"href":"https:\/\/www.realcsfa.edu.co\/portal\/wp-json\/wp\/v2\/pages"}],"about":[{"href":"https:\/\/www.realcsfa.edu.co\/portal\/wp-json\/wp\/v2\/types\/page"}],"author":[{"embeddable":true,"href":"https:\/\/www.realcsfa.edu.co\/portal\/wp-json\/wp\/v2\/users\/1"}],"replies":[{"embeddable":true,"href":"https:\/\/www.realcsfa.edu.co\/portal\/wp-json\/wp\/v2\/comments?post=888"}],"version-history":[{"count":2,"href":"https:\/\/www.realcsfa.edu.co\/portal\/wp-json\/wp\/v2\/pages\/888\/revisions"}],"predecessor-version":[{"id":893,"href":"https:\/\/www.realcsfa.edu.co\/portal\/wp-json\/wp\/v2\/pages\/888\/revisions\/893"}],"wp:attachment":[{"href":"https:\/\/www.realcsfa.edu.co\/portal\/wp-json\/wp\/v2\/media?parent=888"}],"curies":[{"name":"wp","href":"https:\/\/api.w.org\/{rel}","templated":true}]}}