{"id":79,"date":"2019-01-28T15:55:41","date_gmt":"2019-01-28T20:55:41","guid":{"rendered":"https:\/\/www.realcsfa.edu.co\/portal\/?page_id=79"},"modified":"2023-02-20T14:30:43","modified_gmt":"2023-02-20T19:30:43","slug":"resena-historica","status":"publish","type":"page","link":"https:\/\/www.realcsfa.edu.co\/portal\/resena-historica\/","title":{"rendered":"Rese\u00f1a Hist\u00f3rica"},"content":{"rendered":"[vc_row][vc_column][vc_empty_space][vc_column_text]<p><\/p>\n<p class=\"has-drop-cap\" style=\"text-align: justify;\"><span style=\"font-weight: 400;\">Durante los 400 a\u00f1os posteriores a la conquista de Popay\u00e1n, se elegir\u00eda la historia de nuestra ilustre instituci\u00f3n <\/span><b>Real Colegio San Francisco de As\u00eds<\/b><span style=\"font-weight: 400;\">, cuyos inicios inmediatos se remontari\u00e1n a la fundaci\u00f3n del seminario por parte de la Di\u00f3cesis de Popay\u00e1n, que posteriormente y, en cabeza de los padres jesuitas: Francisco Fuentes, el se\u00f1or De\u00e1n don Francisco V\u00e9lez de Z\u00fa\u00f1iga y el ilustr\u00edsimo se\u00f1or obispo Fray Francisco de la Serna y Rimaga Salazar, impulsar\u00edan la creaci\u00f3n de una fundaci\u00f3n a la que otorgar\u00edan el nombre bajo la advocaci\u00f3n de San Francisco de As\u00eds, y cuya designaci\u00f3n permanecer\u00eda hasta la actualidad. La fundaci\u00f3n fue aprobada por el <\/span><b>Rey Felipe IV<\/b><span style=\"font-weight: 400;\"> el 4 de octubre de 1643.<\/span><\/p>\n<p><\/p>\n<p><\/p>\n<p style=\"text-align: justify;\">El 26 de Junio de 1961 el doctor V\u00edctor Chaux Villamil en reuni\u00f3n de la \u201cConfraternidad de ex-alumnos\u201d propone a los miembros de la mencionada asociaci\u00f3n, la restauraci\u00f3n del antiguo y glorioso \u201cColegio Seminario\u201d de Popay\u00e1n, mediante la creaci\u00f3n de un colegio distinto, que proporcionar\u00eda a los alumnos una educaci\u00f3n religiosa y moral.<\/p>\n<p><\/p>\n<p><\/p>\n<p style=\"text-align: justify;\">El doctor Antonio Jos\u00e9 Lemos Guzm\u00e1n, en su car\u00e1cter de representante legal de la Sociedad Restauradora del Real Colegio San Francisco de As\u00eds, y el presb\u00edtero Eduardo Arboleda Valencia, en representaci\u00f3n de la comunidad Vicentina (Lazaristas), firmaron el 5 y 15 de Abril de 1963 un contrato en el cual la Sociedad Restauradora conf\u00eda a la congregaci\u00f3n de la Misi\u00f3n la direcci\u00f3n moral, pedag\u00f3gica y docente del Real Colegio San Francisco de As\u00eds de Popay\u00e1n, iniciando labores el 4 de octubre del mismo a\u00f1o bajo la direcci\u00f3n del padre Carlos \u00c1lvarez sucedido posteriormente por el padre Francisco Vargas, quien en 1971 translada la direcci\u00f3n al padre Jorge Ocampo Jaramillo, quien lo regenta hasta el 30 de Enero de 1981.<\/p>\n<p><\/p>\n<p><\/p>\n<p><\/p>\n<p><\/p>\n<p style=\"text-align: justify;\">El 13 de diciembre de 1980, la Junta Directiva de la Fundaci\u00f3n Real Colegio San Francisco de As\u00eds, presidida por el doctor V\u00edctor Chaux Villamil, Clemencia Cajiao de Velasco, el doctor Julio Arboleda Valencia, Juan de Dios Garc\u00e9s y H\u00e9ctor Hugo Hoyos y el doctor Antonio Jos\u00e9 Iragorri R, designan como rector al mag\u00edster Edelberto Cancelado Beltr\u00e1n, quien asume las riendas del colegio desde el 1 de febrero de 1981 hasta el 30 de junio del a\u00f1o 2005.<\/p>\n<p><\/p>\n<p><\/p>\n<p><\/p>\n<p><\/p>\n<p style=\"text-align: justify;\">Durante el primer a\u00f1o de la direcci\u00f3n del mag\u00edster Cancelado, se crea la secci\u00f3n de primaria y posteriormente en el a\u00f1o 1985 se instituye la secci\u00f3n de preescolar. As\u00ed mismo optimiza los procesos formativos, impulsa la creaci\u00f3n de la Sala de Sistemas y propone la implementaci\u00f3n de actividades deportivas y art\u00edsticas como complemento de la formaci\u00f3n acad\u00e9mica.\u00a0El prestigio alcanzado durante su administraci\u00f3n hace visible m\u00faltiples reconocimientos acad\u00e9micos, culturales y deportivos, Varios premios Andr\u00e9s Bello y ECOPETROL, reflejo de su incansable labor.<\/p>\n<p><\/p>\n<p><\/p>\n<p><\/p>\n<p><\/p>\n<p style=\"text-align: justify;\">El 10 de junio del a\u00f1o 2005 la Junta directiva de la Fundaci\u00f3n Real Colegio San Francisco de As\u00eds, presidida por el Dr. Julio Arboleda Valencia y los doctores Gerardo Mera, Luis Guillermo Salazar Salazar, H\u00e9ctor Hugo Hoyos, Diego Alonso Paz, Sigifredo Villaquir\u00e1n y Diego Bustamante G\u00f3mez, designan como rector al mag\u00edster Nelson Fabio Guaca Gir\u00f3n qui\u00e9n asumira la direccion del colegio a partir del 1 de julio del mismo a\u00f1o hasta el 30 de junio del a\u00f1o 2013. Durante su administraci\u00f3n y con el apoyo de la Junta Directiva, la instituci\u00f3n adquiere una infraestructura propia impulsando as\u00ed la excelencia educativa de forma integral.<\/p>\n<p><\/p>\n<p><\/p>\n<p style=\"text-align: justify;\">El 30 de junio del a\u00f1o 2013, la Junta Directiva de la Fundaci\u00f3n Real Colegio San Francisco de As\u00eds, presidida por el Ingeniero Luis Guillermo Salazar Salazar, Julio Arboleda Valencia, Gerardo Mera, Rams\u00e9s L\u00f3pez Santamar\u00eda, Guefry Agredo, Luis Guillermo Salazar, Diego Bustamante G\u00f3mez y la se\u00f1ora Olga Velasco de Herrera, encargan la rector\u00eda al licenciado Gerardo Mar\u00eda Ortega Ortega, qui\u00e9n asume la direcci\u00f3n hasta nuestros d\u00edas.<\/p>\n<p>Cabe destacar que el profesor Gerardo Ortega Ortefa est\u00e1 vinculado a la instituci\u00f3n desde hace 46 a\u00f1os de forma ininterrumpida, tiempo en el que ha desempe\u00f1ado los cargos de Docente, Coordinador de Convivencia y Coordinador General; demostrando gran sentido de pertenencia, vocaci\u00f3n de maestro, esp\u00edritu de liderazgo, entrega y compromiso.<\/p>\n<p><\/p>[\/vc_column_text][\/vc_column][\/vc_row][vc_row][vc_column][vc_empty_space][\/vc_column][\/vc_row][vc_row][vc_column][vc_text_separator title=&#8221;Situaci\u00f3n Jur\u00eddica&#8221; border_width=&#8221;2&#8243;][vc_column_text]<p style=\"text-align: justify;\">En el a\u00f1o de 1662 fue fundado el Real Colegio San Francisco de As\u00eds por la entonces Di\u00f3cesis de Popay\u00e1n, su acci\u00f3n en forma continua dur\u00f3 hasta el a\u00f1o 1942 y se prolong\u00f3 con el Colegio de Nuestra Se\u00f1ora del Pilar cerrado en 1952. Durante esta etapa tricentenaria se educaron en el colegio, muchos de los m\u00e1s importantes hombres del pa\u00eds, tanto en la Colonia como en la Independencia y en la \u00e9poca de la Rep\u00fablica, adquiriendo una posici\u00f3n sobresaliente en el panorama nacional, dando el alt\u00edsimo nivel acad\u00e9mico que alcanzaban sus educandos.<\/p>\n<p style=\"text-align: justify;\">Esta es la raz\u00f3n para que la Confraternidad de Antiguos Alumnos del Real Colegio Seminario decidiera restaurar la Instituci\u00f3n en el a\u00f1o de 1961 con el prop\u00f3sito de continuar esta tradici\u00f3n payanesa. Por ello hoy existe el Colegio con el car\u00e1cter de Fundaci\u00f3n.<\/p>\n<p style=\"text-align: justify;\">La Fundaci\u00f3n es una persona jur\u00eddica de derecho privado creada conforme a las leyes que las rigen, para desarrollar una labor determinada a favor de la comunidad. As\u00ed nuestra fundaci\u00f3n Real Colegio San Francisco de As\u00eds est\u00e1 creada sin animo de lucro y ning\u00fan tercero puede beneficiarse de sus cr\u00e9ditos, los que se destinan exclusivamente al cumplimiento de su objeto social. <br \/><img loading=\"lazy\" decoding=\"async\" class=\" wp-image-622 aligncenter\" src=\"https:\/\/www.realcsfa.edu.co\/portal\/wp-content\/uploads\/2019\/04\/situacion-juridica-300x200.jpg\" alt=\"\" width=\"433\" height=\"288\" srcset=\"https:\/\/www.realcsfa.edu.co\/portal\/wp-content\/uploads\/2019\/04\/situacion-juridica-300x200.jpg 300w, https:\/\/www.realcsfa.edu.co\/portal\/wp-content\/uploads\/2019\/04\/situacion-juridica-555x370.jpg 555w, https:\/\/www.realcsfa.edu.co\/portal\/wp-content\/uploads\/2019\/04\/situacion-juridica.jpg 640w\" sizes=\"auto, (max-width: 433px) 100vw, 433px\" \/><br \/>La Fundaci\u00f3n se maneja por una Junta Directiva conformada seg\u00fan los estatutos que la crearon y que est\u00e1n debidamente registrados ante la autoridad competente.<\/p>[\/vc_column_text][\/vc_column][\/vc_row]","protected":false},"excerpt":{"rendered":"<p>[vc_row][vc_column][vc_empty_space][vc_column_text] Durante los 400 a\u00f1os posteriores a la conquista de Popay\u00e1n, se elegir\u00eda la historia de nuestra ilustre instituci\u00f3n Real Colegio San Francisco de As\u00eds, cuyos inicios inmediatos se remontari\u00e1n a la fundaci\u00f3n del seminario por parte de la Di\u00f3cesis de Popay\u00e1n, que posteriormente y, en cabeza de los padres jesuitas: Francisco Fuentes, el se\u00f1or [&hellip;]<\/p>\n","protected":false},"author":1,"featured_media":0,"parent":0,"menu_order":0,"comment_status":"closed","ping_status":"closed","template":"","meta":{"footnotes":""},"class_list":["post-79","page","type-page","status-publish","hentry"],"_links":{"self":[{"href":"https:\/\/www.realcsfa.edu.co\/portal\/wp-json\/wp\/v2\/pages\/79","targetHints":{"allow":["GET"]}}],"collection":[{"href":"https:\/\/www.realcsfa.edu.co\/portal\/wp-json\/wp\/v2\/pages"}],"about":[{"href":"https:\/\/www.realcsfa.edu.co\/portal\/wp-json\/wp\/v2\/types\/page"}],"author":[{"embeddable":true,"href":"https:\/\/www.realcsfa.edu.co\/portal\/wp-json\/wp\/v2\/users\/1"}],"replies":[{"embeddable":true,"href":"https:\/\/www.realcsfa.edu.co\/portal\/wp-json\/wp\/v2\/comments?post=79"}],"version-history":[{"count":6,"href":"https:\/\/www.realcsfa.edu.co\/portal\/wp-json\/wp\/v2\/pages\/79\/revisions"}],"predecessor-version":[{"id":1747,"href":"https:\/\/www.realcsfa.edu.co\/portal\/wp-json\/wp\/v2\/pages\/79\/revisions\/1747"}],"wp:attachment":[{"href":"https:\/\/www.realcsfa.edu.co\/portal\/wp-json\/wp\/v2\/media?parent=79"}],"curies":[{"name":"wp","href":"https:\/\/api.w.org\/{rel}","templated":true}]}}