{"id":772,"date":"2019-04-20T15:11:00","date_gmt":"2019-04-20T20:11:00","guid":{"rendered":"https:\/\/www.realcsfa.edu.co\/portal\/?page_id=772"},"modified":"2023-05-16T13:31:38","modified_gmt":"2023-05-16T18:31:38","slug":"plan-de-estudios","status":"publish","type":"page","link":"https:\/\/www.realcsfa.edu.co\/portal\/plan-de-estudios\/","title":{"rendered":"Plan de Estudios"},"content":{"rendered":"<p>[vc_row][vc_column][vc_column_text]Seg\u00fan lo definido en el art\u00edculo 23 de la Ley 115\/94 donde se establecen las siguientes \u00e1reas obligatorias y fundamentales, el art\u00edculo 77 de la Ley 115\/94 sobre la autonom\u00eda de las instituciones y el decreto 1290 de 2009, el Real Colegio San Francisco de As\u00eds ha definido su plan de estudios de acuerdo a las siguientes \u00e1reas con sus respetivas asignaturas:<\/p>\n<hr \/>\n<p><strong>PLAN DE ESTUDIOS:<\/strong><\/p>\n<p>1. Ciencias naturales y educaci\u00f3n ambiental (Ciencias naturales, Biolog\u00eda, F\u00edsica, Qu\u00edmica)<\/p>\n<p>2. Ciencias sociales (Historia, Geograf\u00eda, Constituci\u00f3n pol\u00edtica y democracia)<\/p>\n<p>3. Educaci\u00f3n art\u00edstica (M\u00fasica, Banda r\u00edtmica, Teatro, Danzas, Coro)<\/p>\n<p>4. Educaci\u00f3n \u00c9tica y en Valores humanos.<\/p>\n<p>5. Educaci\u00f3n f\u00edsica, Recreaci\u00f3n y Deportes (Baloncesto, F\u00fatbol, Voleibol, Educaci\u00f3n f\u00edsica)<\/p>\n<p>6. Educaci\u00f3n Religiosa.<\/p>\n<p>7. Humanidades (Lengua castellana, Lectores Competentes, Comprensi\u00f3n Lectora)<\/p>\n<p>8. Idioma extranjero (Ingl\u00e9s)<\/p>\n<p>9. Matem\u00e1ticas (Aritm\u00e9tica, \u00c1lgebra, Trigonometr\u00eda, C\u00e1lculo, Estad\u00edstica, Geometr\u00eda y An\u00e1lisis matem\u00e1tico)<\/p>\n<p>10. Tecnolog\u00eda e Inform\u00e1tica.<\/p>\n<p>11. Educaci\u00f3n Financiera y Emprendimiento.<\/p>\n<p>12. Filosof\u00eda.<\/p>\n<p>13. Ciencias econ\u00f3micas y Ciencias Pol\u00edticas.<\/p>\n<hr \/>\n<p>El estudiante, en las \u00e1reas de Educaci\u00f3n Art\u00edstica y Educaci\u00f3n F\u00edsica, deber\u00e1 escoger (en cada una de ellas), alguna de las modalidades ofrecidas por la instituci\u00f3n.<\/p>\n<p>La Educaci\u00f3n Preescolar, Educaci\u00f3n B\u00e1sica y Media y las \u00e1reas de estudio fundamentan sus programas desde el marco general de competencias B\u00e1sicas contenidas en los Lineamientos Curriculares y los Est\u00e1ndares de Competencias B\u00e1sicas.<\/p>\n<p>Los logros y juicios valorativos propuestos para las diferentes asignaturas que valoran las competencias b\u00e1sicas, se dan a conocer al inicio de cada periodo acad\u00e9mico y al finalizar el mismo se entrega un informe de valoraciones para determinar los avances en la formaci\u00f3n del educando.<\/p>\n<p>En la estructura acad\u00e9mica de la Instituci\u00f3n, las \u00e1reas de estudio son las encargadas de orientar los procesos de ense\u00f1anza, aprendizaje, evaluaci\u00f3n e investigaci\u00f3n desde Preescolar hasta la Educaci\u00f3n Media, con lo cual se busca coherencia y cohesi\u00f3n en los diferentes procesos.<\/p>\n<p>El estudiante, en las \u00e1reas de Educaci\u00f3n Art\u00edstica y Educaci\u00f3n F\u00edsica, deber\u00e1 escoger (en cada una de ellas), alguna de las modalidades ofrecidas por la instituci\u00f3n.<\/p>\n<p>Para mayor informaci\u00f3n sobre el Plan de Estudios y el Sistema de Evaluaci\u00f3n y Promoci\u00f3n, consulte el <a href=\"https:\/\/www.realcsfa.edu.co\/portal\/manual-de-convivencia\/\">manual de Convivencia<\/a> de la instituci\u00f3n.[\/vc_column_text][\/vc_column][\/vc_row]<\/p>\n","protected":false},"excerpt":{"rendered":"<p>[vc_row][vc_column][vc_column_text]Seg\u00fan lo definido en el art\u00edculo 23 de la Ley 115\/94 donde se establecen las siguientes \u00e1reas obligatorias y fundamentales, el art\u00edculo 77 de la Ley 115\/94 sobre la autonom\u00eda de las instituciones y el decreto 1290 de 2009, el Real Colegio San Francisco de As\u00eds ha definido su plan de estudios de acuerdo a [&hellip;]<\/p>\n","protected":false},"author":1,"featured_media":0,"parent":0,"menu_order":0,"comment_status":"closed","ping_status":"closed","template":"","meta":{"footnotes":""},"class_list":["post-772","page","type-page","status-publish","hentry"],"_links":{"self":[{"href":"https:\/\/www.realcsfa.edu.co\/portal\/wp-json\/wp\/v2\/pages\/772","targetHints":{"allow":["GET"]}}],"collection":[{"href":"https:\/\/www.realcsfa.edu.co\/portal\/wp-json\/wp\/v2\/pages"}],"about":[{"href":"https:\/\/www.realcsfa.edu.co\/portal\/wp-json\/wp\/v2\/types\/page"}],"author":[{"embeddable":true,"href":"https:\/\/www.realcsfa.edu.co\/portal\/wp-json\/wp\/v2\/users\/1"}],"replies":[{"embeddable":true,"href":"https:\/\/www.realcsfa.edu.co\/portal\/wp-json\/wp\/v2\/comments?post=772"}],"version-history":[{"count":3,"href":"https:\/\/www.realcsfa.edu.co\/portal\/wp-json\/wp\/v2\/pages\/772\/revisions"}],"predecessor-version":[{"id":1960,"href":"https:\/\/www.realcsfa.edu.co\/portal\/wp-json\/wp\/v2\/pages\/772\/revisions\/1960"}],"wp:attachment":[{"href":"https:\/\/www.realcsfa.edu.co\/portal\/wp-json\/wp\/v2\/media?parent=772"}],"curies":[{"name":"wp","href":"https:\/\/api.w.org\/{rel}","templated":true}]}}