{"id":757,"date":"2019-04-20T14:55:46","date_gmt":"2019-04-20T19:55:46","guid":{"rendered":"https:\/\/www.realcsfa.edu.co\/portal\/?page_id=757"},"modified":"2023-05-19T12:15:47","modified_gmt":"2023-05-19T17:15:47","slug":"coordinacion-de-pastoral","status":"publish","type":"page","link":"https:\/\/www.realcsfa.edu.co\/portal\/coordinacion-de-pastoral\/","title":{"rendered":"Coordinaci\u00f3n de Pastoral"},"content":{"rendered":"<p>[vc_row][vc_column][vc_column_text]<\/p>\n<p style=\"text-align: center;\"><strong><img loading=\"lazy\" decoding=\"async\" class=\"aligncenter wp-image-1915\" src=\"https:\/\/www.realcsfa.edu.co\/portal\/wp-content\/uploads\/2023\/05\/Yeimy-Vanessa-Tapiero-Quintero-300x293.png\" alt=\"\" width=\"177\" height=\"173\" srcset=\"https:\/\/www.realcsfa.edu.co\/portal\/wp-content\/uploads\/2023\/05\/Yeimy-Vanessa-Tapiero-Quintero-300x293.png 300w, https:\/\/www.realcsfa.edu.co\/portal\/wp-content\/uploads\/2023\/05\/Yeimy-Vanessa-Tapiero-Quintero-65x65.png 65w, https:\/\/www.realcsfa.edu.co\/portal\/wp-content\/uploads\/2023\/05\/Yeimy-Vanessa-Tapiero-Quintero.png 754w\" sizes=\"auto, (max-width: 177px) 100vw, 177px\" \/>Yeimy Vanessa Tapiero Quintero<br \/>\n<\/strong><\/p>\n<p style=\"text-align: center;\"><strong>Coordinadora Pastoral<\/strong><\/p>\n<hr \/>\n<p style=\"text-align: center;\"><strong>Informaci\u00f3n de contacto:<\/strong><\/p>\n<p style=\"text-align: center;\"><strong>Correo institucional:<\/strong> <a href=\"mailto:yvtapiero@realcsfa.edu.co\">yvtapiero@realcsfa.edu.co<\/a><\/p>\n<p>[\/vc_column_text][vc_column_text]<\/p>\n<hr \/>\n<p><strong>La Coordinaci\u00f3n de Pastoral<\/strong> est\u00e1 orientada por la docente <strong>Yeimy Vanessa Tapiero Quintero<\/strong> y depende del Rector y por autoridad funcional del Jefe de \u00c1rea. Le corresponde la orientaci\u00f3n religiosa de la comunidad educativa. Dentro de sus funciones est\u00e1 el coordinar con el respectivo Jefe de \u00c1rea o con el Coordinador Acad\u00e9mico los programas de formaci\u00f3n religiosa y moral.[\/vc_column_text][\/vc_column][\/vc_row][vc_row][vc_column][vc_single_image image=&#8221;783&#8243; img_size=&#8221;large&#8221; alignment=&#8221;center&#8221;][vc_column_text]A trav\u00e9s de la pastoral, se brinda orientaci\u00f3n para la vida, encaminada hacia la presencia de los valores cristianos en la vida de los ni\u00f1os, j\u00f3venes, padres de familia y toda la comunidad franciscana de nuestro colegio.<\/p>\n<p>Realizaci\u00f3n de encuentros, convivencias y retiros.<\/p>\n<p>Escuela de padres.<\/p>\n<p>Preparaci\u00f3n para los sacramentos de la Eucarist\u00eda y Confirmaci\u00f3n.<\/p>\n<p>Servicio de asesor\u00eda Espiritual y Capellan\u00eda.[\/vc_column_text][\/vc_column][\/vc_row]<\/p>\n","protected":false},"excerpt":{"rendered":"<p>[vc_row][vc_column][vc_column_text] Yeimy Vanessa Tapiero Quintero Coordinadora Pastoral Informaci\u00f3n de contacto: Correo institucional: yvtapiero@realcsfa.edu.co [\/vc_column_text][vc_column_text] La Coordinaci\u00f3n de Pastoral est\u00e1 orientada por la docente Yeimy Vanessa Tapiero Quintero y depende del Rector y por autoridad funcional del Jefe de \u00c1rea. Le corresponde la orientaci\u00f3n religiosa de la comunidad educativa. Dentro de sus funciones est\u00e1 el coordinar [&hellip;]<\/p>\n","protected":false},"author":1,"featured_media":0,"parent":0,"menu_order":0,"comment_status":"closed","ping_status":"closed","template":"","meta":{"footnotes":""},"class_list":["post-757","page","type-page","status-publish","hentry"],"_links":{"self":[{"href":"https:\/\/www.realcsfa.edu.co\/portal\/wp-json\/wp\/v2\/pages\/757","targetHints":{"allow":["GET"]}}],"collection":[{"href":"https:\/\/www.realcsfa.edu.co\/portal\/wp-json\/wp\/v2\/pages"}],"about":[{"href":"https:\/\/www.realcsfa.edu.co\/portal\/wp-json\/wp\/v2\/types\/page"}],"author":[{"embeddable":true,"href":"https:\/\/www.realcsfa.edu.co\/portal\/wp-json\/wp\/v2\/users\/1"}],"replies":[{"embeddable":true,"href":"https:\/\/www.realcsfa.edu.co\/portal\/wp-json\/wp\/v2\/comments?post=757"}],"version-history":[{"count":9,"href":"https:\/\/www.realcsfa.edu.co\/portal\/wp-json\/wp\/v2\/pages\/757\/revisions"}],"predecessor-version":[{"id":1976,"href":"https:\/\/www.realcsfa.edu.co\/portal\/wp-json\/wp\/v2\/pages\/757\/revisions\/1976"}],"wp:attachment":[{"href":"https:\/\/www.realcsfa.edu.co\/portal\/wp-json\/wp\/v2\/media?parent=757"}],"curies":[{"name":"wp","href":"https:\/\/api.w.org\/{rel}","templated":true}]}}