{"id":73,"date":"2019-01-28T15:14:36","date_gmt":"2019-01-28T20:14:36","guid":{"rendered":"https:\/\/www.realcsfa.edu.co\/portal\/?page_id=73"},"modified":"2023-02-20T13:46:50","modified_gmt":"2023-02-20T18:46:50","slug":"mision-y-vision","status":"publish","type":"page","link":"https:\/\/www.realcsfa.edu.co\/portal\/mision-y-vision\/","title":{"rendered":"Misi\u00f3n y Visi\u00f3n"},"content":{"rendered":"[vc_row][vc_column][vc_column_text]<p><\/p>\n<p><strong>Misi\u00f3n<\/strong><\/p>\n<p><\/p>\n<p><\/p>\n<p style=\"text-align: justify;\">El Real Colegio San Francisco de As\u00eds es una instituci\u00f3n educativa privada que ofrece educaci\u00f3n preescolar, b\u00e1sica y media vocacional, comprometida en la formaci\u00f3n integral del ser humano dentro de la doctrina y pr\u00e1cticas del cristianismo; forma personas aut\u00e9nticas, libres, aut\u00f3nomas y trascendentes que permita una sociedad mejor.<\/p>\n<p><\/p>\n<p><\/p>\n<p><strong>Visi\u00f3n<\/strong><\/p>\n<p><\/p>\n<p><\/p>\n<p style=\"text-align: justify;\">Ser en 2026 una de las mejores instituciones educativas del sur occidente colombiano reconocida y l\u00edder mediante el modelo pedag\u00f3gico franciscano del aprendizaje, con los mejores resultados de calidad en la formaci\u00f3n integral de sus estudiantes<\/p>\n<p><\/p>\n<p><\/p>\n<p>&nbsp;<\/p>\n<p><\/p>[\/vc_column_text][\/vc_column][\/vc_row][vc_row][vc_column][vc_empty_space][\/vc_column][\/vc_row][vc_section full_width=&#8221;stretch_row&#8221; css=&#8221;.vc_custom_1555693445115{background-color: #474747 !important;}&#8221;][vc_row][vc_column][tt_section_title title_intro_color_option=&#8221;custom-color&#8221; title_intro=&#8221;Principios&#8221; title_intro_color=&#8221;#ffffff&#8221; subtitle_font_size=&#8221;25px&#8221;][\/tt_section_title][vc_tta_tabs color=&#8221;black&#8221; autoplay=&#8221;3&#8243; active_section=&#8221;1&#8243; pagination_style=&#8221;flat-rounded&#8221; pagination_color=&#8221;white&#8221; css_animation=&#8221;fadeInDown&#8221; css=&#8221;.vc_custom_1555694394984{background-position: center !important;background-repeat: no-repeat !important;background-size: contain !important;}&#8221;][vc_tta_section title=&#8221;Singularidad&#8221; tab_id=&#8221;1555693119747-09b2a1ff-1682&#8243;][vc_column_text]<p>La singularidad consiste en ser uno en s\u00ed mismo y diferente de todos los dem\u00e1s seres humanos, \u00fanico, irrepetible, imprescindible, con capacidad para crear, razonar, emitir juicios, asumir posiciones cr\u00edticas, legitimarse como ser humano, construirse desde su individualidad y darle sentido a su vida en la relaci\u00f3n consigo mismo, con el otro y con el entorno. La persona es centro de su ser y de su acci\u00f3n.<\/p>[\/vc_column_text][\/vc_tta_section][vc_tta_section title=&#8221;Autonom\u00eda&#8221; tab_id=&#8221;1555693119748-1e7dfb89-2a17&#8243;][vc_column_text]<p>La autonom\u00eda es la capacidad de pensar por s\u00ed mismo, tomar decisiones libres y responsables a partir de procesos de reflexi\u00f3n cr\u00edtica y de confrontaci\u00f3n sustentada. La persona libre y responsable enfrenta su realidad con juicio cr\u00edtico, toma decisiones y asume riesgos de las consecuencias de sus actos, dentro del respeto a todo lo que le rodea. Entonces, las acciones que la hacen posible la pr\u00e1ctica de la autonom\u00eda son: responsabilidad, respeto, puntualidad, uniformidad y autoestima.<\/p>\n<p>&nbsp;<\/p>[\/vc_column_text][\/vc_tta_section][vc_tta_section title=&#8221; \tApertura&#8221; tab_id=&#8221;1555693185894-ba083b8b-67bd&#8221;][vc_column_text]<p>La apertura es la posibilidad de desarrollar todas sus potencialidades en comunidad y ser solidario con los dem\u00e1s, es la disposici\u00f3n personal que permite al ser humano abrirse as\u00ed mismo y al otro en un proceso de comunicaci\u00f3n a trav\u00e9s de un lenguaje, la persona va construyendo su historia en el encuentro con el otro, permiti\u00e9ndole al otro ser \u00e9l mismo en una relaci\u00f3n de libertad y aceptaci\u00f3n. Solidaridad, honradez, confianza, comprensi\u00f3n, son valores esenciales de la convivencia humana, dentro de la apertura.<\/p>[\/vc_column_text][\/vc_tta_section][vc_tta_section title=&#8221;Trascendencia&#8221; tab_id=&#8221;1555693189707-5e7f39bd-07c2&#8243;][vc_column_text]<p>La trascendencia de una persona es la apertura a la superaci\u00f3n de s\u00ed misma, por el constante descubrimiento de las realidades del esp\u00edritu que fundamenta sus valores de Fe y Espiritualidad.<\/p>[\/vc_column_text][\/vc_tta_section][\/vc_tta_tabs][\/vc_column][\/vc_row][\/vc_section][vc_row][vc_column][vc_empty_space][\/vc_column][\/vc_row]","protected":false},"excerpt":{"rendered":"<p>[vc_row][vc_column][vc_column_text] Misi\u00f3n El Real Colegio San Francisco de As\u00eds es una instituci\u00f3n educativa privada que ofrece educaci\u00f3n preescolar, b\u00e1sica y media vocacional, comprometida en la formaci\u00f3n integral del ser humano dentro de la doctrina y pr\u00e1cticas del cristianismo; forma personas aut\u00e9nticas, libres, aut\u00f3nomas y trascendentes que permita una sociedad mejor. Visi\u00f3n Ser en 2026 una [&hellip;]<\/p>\n","protected":false},"author":1,"featured_media":0,"parent":0,"menu_order":0,"comment_status":"closed","ping_status":"closed","template":"","meta":{"footnotes":""},"class_list":["post-73","page","type-page","status-publish","hentry"],"_links":{"self":[{"href":"https:\/\/www.realcsfa.edu.co\/portal\/wp-json\/wp\/v2\/pages\/73","targetHints":{"allow":["GET"]}}],"collection":[{"href":"https:\/\/www.realcsfa.edu.co\/portal\/wp-json\/wp\/v2\/pages"}],"about":[{"href":"https:\/\/www.realcsfa.edu.co\/portal\/wp-json\/wp\/v2\/types\/page"}],"author":[{"embeddable":true,"href":"https:\/\/www.realcsfa.edu.co\/portal\/wp-json\/wp\/v2\/users\/1"}],"replies":[{"embeddable":true,"href":"https:\/\/www.realcsfa.edu.co\/portal\/wp-json\/wp\/v2\/comments?post=73"}],"version-history":[{"count":9,"href":"https:\/\/www.realcsfa.edu.co\/portal\/wp-json\/wp\/v2\/pages\/73\/revisions"}],"predecessor-version":[{"id":1746,"href":"https:\/\/www.realcsfa.edu.co\/portal\/wp-json\/wp\/v2\/pages\/73\/revisions\/1746"}],"wp:attachment":[{"href":"https:\/\/www.realcsfa.edu.co\/portal\/wp-json\/wp\/v2\/media?parent=73"}],"curies":[{"name":"wp","href":"https:\/\/api.w.org\/{rel}","templated":true}]}}