{"id":671,"date":"2019-04-20T08:57:34","date_gmt":"2019-04-20T13:57:34","guid":{"rendered":"https:\/\/www.realcsfa.edu.co\/portal\/?page_id=671"},"modified":"2023-03-10T08:23:07","modified_gmt":"2023-03-10T13:23:07","slug":"personero","status":"publish","type":"page","link":"https:\/\/www.realcsfa.edu.co\/portal\/personero\/","title":{"rendered":"Personero"},"content":{"rendered":"<p>[vc_row][vc_column][vc_empty_space][vc_single_image image=&#8221;679&#8243; img_size=&#8221;large&#8221; alignment=&#8221;center&#8221; style=&#8221;vc_box_circle_2&#8243;][vc_column_text]<\/p>\n<p style=\"text-align: center;\"><strong><em>Daniel Felipe Herrera Sotelo &#8211; Personero 2015-2016<\/em><\/strong><\/p>\n<p>[\/vc_column_text][vc_column_text]El personero de los estudiantes ser\u00e1 un alumno que curse el \u00faltimo grado encargado de promover el ejercicio de los deberes y derechos de los estudiantes consagrados en la Constituci\u00f3n Pol\u00edtica, las leyes, los reglamentos y el manual de convivencia. El personero tendr\u00e1 las siguientes funciones:<\/p>\n<p>Promover el cumplimiento de los derechos y deberes de los estudiantes, para lo cual podr\u00e1 utilizar los medios de comunicaci\u00f3n interna del establecimiento, pedir la colaboraci\u00f3n del Consejo de Estudiantes, organizar foros y otras formas de deliberaci\u00f3n.<\/p>\n<p>Recibir y evaluar las quejas y reclamos que presenten los educandos sobre lesiones a sus derechos y las quejas que formule cualquier persona de la comunidad sobre el incumplimiento de las obligaciones de los alumnos.<\/p>\n<p>Presentar ante el Rector las solicitudes de oficio o a petici\u00f3n de parte que considere necesarias para proteger los derechos de los estudiantes y facilitar el cumplimiento de sus deberes.<\/p>\n<p>Cuando lo considere necesario, apelar ante el consejo directivo o el organismo que haga sus veces. Las ediciones del rector respecto a las peticiones presentadas por su intermedio.<\/p>\n<p>El personero de los estudiantes ser\u00e1 elegido dentro de los 30 d\u00edas calendario siguientes al inicio del per\u00edodo lectivo 2011-2012. Para tal efecto el rector convocar\u00e1 a todos los estudiantes matriculados para elegirlo por el sistema de mayor\u00eda simple y mediante el sistema de voto secreto.[\/vc_column_text][\/vc_column][\/vc_row]<\/p>\n","protected":false},"excerpt":{"rendered":"<p>[vc_row][vc_column][vc_empty_space][vc_single_image image=&#8221;679&#8243; img_size=&#8221;large&#8221; alignment=&#8221;center&#8221; style=&#8221;vc_box_circle_2&#8243;][vc_column_text] Daniel Felipe Herrera Sotelo &#8211; Personero 2015-2016 [\/vc_column_text][vc_column_text]El personero de los estudiantes ser\u00e1 un alumno que curse el \u00faltimo grado encargado de promover el ejercicio de los deberes y derechos de los estudiantes consagrados en la Constituci\u00f3n Pol\u00edtica, las leyes, los reglamentos y el manual de convivencia. El personero tendr\u00e1 [&hellip;]<\/p>\n","protected":false},"author":1,"featured_media":0,"parent":0,"menu_order":0,"comment_status":"closed","ping_status":"closed","template":"","meta":{"footnotes":""},"class_list":["post-671","page","type-page","status-publish","hentry"],"_links":{"self":[{"href":"https:\/\/www.realcsfa.edu.co\/portal\/wp-json\/wp\/v2\/pages\/671","targetHints":{"allow":["GET"]}}],"collection":[{"href":"https:\/\/www.realcsfa.edu.co\/portal\/wp-json\/wp\/v2\/pages"}],"about":[{"href":"https:\/\/www.realcsfa.edu.co\/portal\/wp-json\/wp\/v2\/types\/page"}],"author":[{"embeddable":true,"href":"https:\/\/www.realcsfa.edu.co\/portal\/wp-json\/wp\/v2\/users\/1"}],"replies":[{"embeddable":true,"href":"https:\/\/www.realcsfa.edu.co\/portal\/wp-json\/wp\/v2\/comments?post=671"}],"version-history":[{"count":4,"href":"https:\/\/www.realcsfa.edu.co\/portal\/wp-json\/wp\/v2\/pages\/671\/revisions"}],"predecessor-version":[{"id":1831,"href":"https:\/\/www.realcsfa.edu.co\/portal\/wp-json\/wp\/v2\/pages\/671\/revisions\/1831"}],"wp:attachment":[{"href":"https:\/\/www.realcsfa.edu.co\/portal\/wp-json\/wp\/v2\/media?parent=671"}],"curies":[{"name":"wp","href":"https:\/\/api.w.org\/{rel}","templated":true}]}}