{"id":650,"date":"2019-04-20T08:07:23","date_gmt":"2019-04-20T13:07:23","guid":{"rendered":"https:\/\/www.realcsfa.edu.co\/portal\/?page_id=650"},"modified":"2023-05-16T11:06:51","modified_gmt":"2023-05-16T16:06:51","slug":"directivos-y-administrativos","status":"publish","type":"page","link":"https:\/\/www.realcsfa.edu.co\/portal\/directivos-y-administrativos\/","title":{"rendered":"Junta Directiva"},"content":{"rendered":"<p>[vc_row][vc_column][vc_column_text]<\/p>\n<p style=\"text-align: center;\"><img loading=\"lazy\" decoding=\"async\" class=\"aligncenter wp-image-1936 \" src=\"https:\/\/www.realcsfa.edu.co\/portal\/wp-content\/uploads\/2023\/05\/Alvaro-Rivera-300x293.png\" alt=\"\" width=\"174\" height=\"170\" srcset=\"https:\/\/www.realcsfa.edu.co\/portal\/wp-content\/uploads\/2023\/05\/Alvaro-Rivera-300x293.png 300w, https:\/\/www.realcsfa.edu.co\/portal\/wp-content\/uploads\/2023\/05\/Alvaro-Rivera-65x65.png 65w, https:\/\/www.realcsfa.edu.co\/portal\/wp-content\/uploads\/2023\/05\/Alvaro-Rivera.png 754w\" sizes=\"auto, (max-width: 174px) 100vw, 174px\" \/><b>\u00c1lvaro Rivera\u00a0Estrella<\/b><\/p>\n<p style=\"text-align: center;\"><strong>Presidente Junta\u00a0<\/strong><b>Directiva<\/b><\/p>\n<hr \/>\n<p>&nbsp;[\/vc_column_text][vc_column_text]<strong>La Junta Directiva<\/strong> de una instituci\u00f3n cat\u00f3lica como es el Real Colegio San Francisco de As\u00eds, debe cumplir con el objeto principal para el que fue creado:<\/p>\n<p>&#8220;Posesi\u00f3n, administraci\u00f3n, direcci\u00f3n, sostenimiento y ensanchamiento del colegio&#8221; y &#8220;formaci\u00f3n moral, intelectual y f\u00edsica de la juventud en las diversas etapas de la ense\u00f1anza, con absoluto respeto a las leyes y con sujeci\u00f3n a las doctrinas del cristianismo&#8221;.<\/p>\n<p>La Junta est\u00e1 obligada a cumplir todas las disposiciones legales que regulan la educaci\u00f3n privada, pero por su car\u00e1cter jur\u00eddico es absolutamente aut\u00f3noma en su manejo. Los miembros que la integran son:[\/vc_column_text][vc_single_image image=&#8221;1186&#8243; img_size=&#8221;720&#215;500&#8243; alignment=&#8221;center&#8221;][vc_column_text][vc_row][vc_column width=&#8221;1\/1&#8243;][vc_column_text]<strong><span style=\"color: #ff0000;\">Presidente<\/span><\/strong><\/p>\n<p>\u00c1lvaro Rivera Estrella<\/p>\n<p><span style=\"color: #ff0000;\"><b>Vicepresidente<\/b><\/span><\/p>\n<p><span style=\"color: #000000;\">Jos\u00e9 Mar\u00eda Arboleda Castrill\u00f3n<\/span><\/p>\n<p><strong><span style=\"color: #ff0000;\">Miembros Permanentes<\/span><\/strong><\/p>\n<p>Doctora Olga Velasco Cajiao<br \/>\nDoctor Gerardo Mera Velasco<br \/>\nDoctor Luis Guillermo Salazar Salazar<\/p>\n<p><strong><span style=\"color: #ff0000;\">Miembros Suplentes<\/span><\/strong><\/p>\n<p>Sr. Felipe Segura, delegado de los Exalumnos del Colegio<\/p>\n<p><strong><span style=\"color: #ff0000;\">Miembros Delegados<\/span> <\/strong><br \/>\nPbro. Jorge Beltran Vidal &#8211; Delegado del Se\u00f1or Arzobispo<\/p>\n<p>Sra. Adriana Casas, representante de los Padres de Familia[\/vc_column_text][\/vc_column][\/vc_row][vc_row][vc_column css_animation=&#8221;fadeInDown&#8221; width=&#8221;5\/6&#8243;][vc_column_text].[\/vc_column_text][\/vc_column][vc_column width=&#8221;1\/6&#8243;][vc_gallery interval=&#8221;3&#8243; images=&#8221;1187&#8243;][\/vc_column][\/vc_row][vc_row][vc_column][\/vc_column][\/vc_row]<\/p>\n","protected":false},"excerpt":{"rendered":"<p>[vc_row][vc_column][vc_column_text] \u00c1lvaro Rivera\u00a0Estrella Presidente Junta\u00a0Directiva &nbsp;[\/vc_column_text][vc_column_text]La Junta Directiva de una instituci\u00f3n cat\u00f3lica como es el Real Colegio San Francisco de As\u00eds, debe cumplir con el objeto principal para el que fue creado: &#8220;Posesi\u00f3n, administraci\u00f3n, direcci\u00f3n, sostenimiento y ensanchamiento del colegio&#8221; y &#8220;formaci\u00f3n moral, intelectual y f\u00edsica de la juventud en las diversas etapas de la [&hellip;]<\/p>\n","protected":false},"author":1,"featured_media":0,"parent":0,"menu_order":0,"comment_status":"closed","ping_status":"closed","template":"","meta":{"footnotes":""},"class_list":["post-650","page","type-page","status-publish","hentry"],"_links":{"self":[{"href":"https:\/\/www.realcsfa.edu.co\/portal\/wp-json\/wp\/v2\/pages\/650","targetHints":{"allow":["GET"]}}],"collection":[{"href":"https:\/\/www.realcsfa.edu.co\/portal\/wp-json\/wp\/v2\/pages"}],"about":[{"href":"https:\/\/www.realcsfa.edu.co\/portal\/wp-json\/wp\/v2\/types\/page"}],"author":[{"embeddable":true,"href":"https:\/\/www.realcsfa.edu.co\/portal\/wp-json\/wp\/v2\/users\/1"}],"replies":[{"embeddable":true,"href":"https:\/\/www.realcsfa.edu.co\/portal\/wp-json\/wp\/v2\/comments?post=650"}],"version-history":[{"count":10,"href":"https:\/\/www.realcsfa.edu.co\/portal\/wp-json\/wp\/v2\/pages\/650\/revisions"}],"predecessor-version":[{"id":1940,"href":"https:\/\/www.realcsfa.edu.co\/portal\/wp-json\/wp\/v2\/pages\/650\/revisions\/1940"}],"wp:attachment":[{"href":"https:\/\/www.realcsfa.edu.co\/portal\/wp-json\/wp\/v2\/media?parent=650"}],"curies":[{"name":"wp","href":"https:\/\/api.w.org\/{rel}","templated":true}]}}