{"id":486,"date":"2019-04-18T12:45:23","date_gmt":"2019-04-18T17:45:23","guid":{"rendered":"https:\/\/www.realcsfa.edu.co\/portal\/?page_id=486"},"modified":"2023-06-23T11:38:46","modified_gmt":"2023-06-23T16:38:46","slug":"admisiones","status":"publish","type":"page","link":"https:\/\/www.realcsfa.edu.co\/portal\/admisiones\/","title":{"rendered":"Admisiones"},"content":{"rendered":"<p>[vc_row][vc_column][vc_column_text]<\/p>\n<p style=\"text-align: justify;\">&#8220;\u00a1Celebremos juntos los 60 a\u00f1os de servicio y hermandad del <strong>Real Colegio San Francisco de As\u00eds<\/strong>! Durante seis d\u00e9cadas, hemos tenido el honor de formar integralmente a la ni\u00f1ez y juventud de Popay\u00e1n y el Cauca, brind\u00e1ndoles una educaci\u00f3n de calidad y valores que perduran para toda la vida.<\/p>\n<p style=\"text-align: justify;\">Nos complace anunciar que nuestras inscripciones est\u00e1n abiertas. Si est\u00e1s buscando una instituci\u00f3n educativa comprometida con el desarrollo acad\u00e9mico, emocional y social de tus hijos, te invitamos a unirte a nuestra familia. Con un equipo docente altamente capacitado y una infraestructura moderna, nos esforzamos por ofrecer un entorno propicio para el aprendizaje y el crecimiento personal.<\/p>\n<p style=\"text-align: justify;\">Las matr\u00edculas para el pr\u00f3ximo a\u00f1o escolar se llevar\u00e1n a cabo del 4 al 7 de julio. No pierdas la oportunidad de asegurar un lugar para tus hijos en nuestro colegio. Estamos comprometidos en brindarles una educaci\u00f3n de calidad, donde se fomenta el respeto, la excelencia acad\u00e9mica y la formaci\u00f3n integral de cada estudiante.<\/p>\n<p style=\"text-align: justify;\">Ven y conoce nuestras instalaciones, descubre nuestro enfoque pedag\u00f3gico y s\u00e9 testigo de la calidez y el esp\u00edritu de comunidad que nos distingue. Estamos listos para recibirte y responder cualquier pregunta que puedas tener.<\/p>\n<p>[\/vc_column_text][\/vc_column][\/vc_row][vc_row][vc_column][vc_tta_tabs style=&#8221;modern&#8221; color=&#8221;mulled-wine&#8221; spacing=&#8221;5&#8243; gap=&#8221;5&#8243; active_section=&#8221;1&#8243; no_fill_content_area=&#8221;true&#8221; css=&#8221;.vc_custom_1677526295576{border-radius: 2px !important;}&#8221;][vc_tta_section i_icon_fontawesome=&#8221;fa fa-street-view&#8221; add_icon=&#8221;true&#8221; title=&#8221;Pre-escolar&#8221; tab_id=&#8221;1677519027030-ae305da0-4680&#8243;][vc_column_text]<\/p>\n<ul>\n<li><span style=\"font-weight: 400;\">Formulario de Inscripci\u00f3n<\/span><\/li>\n<li><span style=\"font-weight: 400;\">Registro Civil.<\/span><\/li>\n<li><span style=\"font-weight: 400;\">Copia carn\u00e9 de vacunas.<\/span><\/li>\n<li><span style=\"font-weight: 400;\">Copia de la c\u00e9dula de ciudadan\u00eda y certificado de ingresos laboral de los padres, de ser independiente presentar un certificado de ingreso expedido por un contador p\u00fablico titulado.<\/span><\/li>\n<li>Constancia de afiliaci\u00f3n seguridad social (EPS).<\/li>\n<li><span style=\"font-weight: 400;\">Comprar en la tesorer\u00eda del colegio el formulario de inscripci\u00f3n ($30.000) o cancelar por medio de PSE, Banco A.Villas cuenta #251-28406-3 referencia 9999 o en la tesorer\u00eda del colegio; el formulario lo puede descargar de la p\u00e1gina del colegio en la pesta\u00f1a formulario de inscripci\u00f3n.<\/span><\/li>\n<li><span style=\"font-weight: 400;\">Radicar documentos en la secretar\u00eda general del colegio.<\/span><\/li>\n<li><span style=\"font-weight: 400;\">Entrevista del estudiante y padre de familia o tutores con la psic\u00f3loga del colegio.<\/span><\/li>\n<li><span style=\"font-weight: 400;\">Informe de resultados: Una vez finalizado el anterior proceso, usted recibir\u00e1 un correo electr\u00f3nico notificando sus resultados.<\/span><\/li>\n<\/ul>\n<p>[\/vc_column_text][\/vc_tta_section][vc_tta_section i_icon_fontawesome=&#8221;fa fa-male&#8221; add_icon=&#8221;true&#8221; title=&#8221;Primaria y Bachillerato&#8221; tab_id=&#8221;1677519027031-4c629ae6-459c&#8221;][vc_column_text]<\/p>\n<ul>\n<li>Formato de inscripci\u00f3n.<\/li>\n<li>Registro Civil.<\/li>\n<li>Copia carn\u00e9 de vacunas (menores de 12 a\u00f1os).<\/li>\n<li>Tarjeta de identidad.<\/li>\n<li>Certificado del \u00faltimo a\u00f1o cursado, incluido el de transici\u00f3n. Informe del colegio de procedencia (descargar formato de la pesta\u00f1a formulario de inscripci\u00f3n).<\/li>\n<li>Paz y salvo del colegio de procedencia.<\/li>\n<li>Constancia de afiliaci\u00f3n seguridad social (EPS).<\/li>\n<li style=\"text-align: justify;\">Copia de la c\u00e9dula y certificado de ingresos de los padres, de ser independiente presentar un certificado de ingreso expedido por un contador p\u00fablico titulado.<\/li>\n<li style=\"list-style-type: none;\"><\/li>\n<li>Comprar en la tesorer\u00eda del colegio el formulario de inscripci\u00f3n ($30.000.00) o cancelar por medio de PSE Banco AV Villas cuenta #251-28406-3, referencia de pago 9999.<\/li>\n<li>Radicar el formulario de inscripci\u00f3n diligenciado y adjuntar copia de los requisitos en secretar\u00eda general<\/li>\n<li>Prueba de conocimiento.<\/li>\n<\/ul>\n<p style=\"padding-left: 40px;\"><strong>PRIMARIA<\/strong><\/p>\n<p style=\"padding-left: 40px;\">Presenta prueba de conocimiento en matem\u00e1ticos y comprensi\u00f3n lectora.<\/p>\n<p style=\"padding-left: 40px;\"><strong>BACHILLERATO<\/strong><\/p>\n<p style=\"padding-left: 40px; text-align: justify;\">Presenta prueba de conocimiento en matem\u00e1ticas, comprensi\u00f3n lectora e ingl\u00e9s. Si el estudiante aprueba la valoraci\u00f3n escrita, pasa a entrevista con psicolog\u00eda junto con los padres de familia o tutores.<\/p>\n<ul>\n<li>Informe de resultados; una vez finalizado el anterior proceso, usted recibir\u00e1 un correo electr\u00f3nico notificando los resultados.<\/li>\n<\/ul>\n<p>[\/vc_column_text][\/vc_tta_section][vc_tta_section i_icon_fontawesome=&#8221;fa fa-list-alt&#8221; add_icon=&#8221;true&#8221; title=&#8221;Formulario de Inscripci\u00f3n&#8221; tab_id=&#8221;1677523596067-19ab32d6-761d&#8221;][vc_btn title=&#8221;FORMULARIO DE INSCRIPCI\u00d3N&#8221; style=&#8221;gradient&#8221; gradient_color_1=&#8221;juicy-pink&#8221; gradient_color_2=&#8221;pink&#8221; shape=&#8221;round&#8221; align=&#8221;center&#8221; link=&#8221;url:https%3A%2F%2Fwpsrealcsfa.s3-us-west-1.amazonaws.com%2Fmedia%2FFORMULARIO_INCRIPCION_2023-2024.pdf|title:Formulario%20de%20Inscripci%C3%B3n%20a%C3%B1o%20lectivo%202023-2024|target:%20_blank|&#8221;][\/vc_tta_section][\/vc_tta_tabs][\/vc_column][\/vc_row]<\/p>\n","protected":false},"excerpt":{"rendered":"<p>[vc_row][vc_column][vc_column_text] &#8220;\u00a1Celebremos juntos los 60 a\u00f1os de servicio y hermandad del Real Colegio San Francisco de As\u00eds! Durante seis d\u00e9cadas, hemos tenido el honor de formar integralmente a la ni\u00f1ez y juventud de Popay\u00e1n y el Cauca, brind\u00e1ndoles una educaci\u00f3n de calidad y valores que perduran para toda la vida. Nos complace anunciar que nuestras [&hellip;]<\/p>\n","protected":false},"author":1,"featured_media":0,"parent":0,"menu_order":0,"comment_status":"closed","ping_status":"closed","template":"","meta":{"footnotes":""},"class_list":["post-486","page","type-page","status-publish","hentry"],"_links":{"self":[{"href":"https:\/\/www.realcsfa.edu.co\/portal\/wp-json\/wp\/v2\/pages\/486","targetHints":{"allow":["GET"]}}],"collection":[{"href":"https:\/\/www.realcsfa.edu.co\/portal\/wp-json\/wp\/v2\/pages"}],"about":[{"href":"https:\/\/www.realcsfa.edu.co\/portal\/wp-json\/wp\/v2\/types\/page"}],"author":[{"embeddable":true,"href":"https:\/\/www.realcsfa.edu.co\/portal\/wp-json\/wp\/v2\/users\/1"}],"replies":[{"embeddable":true,"href":"https:\/\/www.realcsfa.edu.co\/portal\/wp-json\/wp\/v2\/comments?post=486"}],"version-history":[{"count":49,"href":"https:\/\/www.realcsfa.edu.co\/portal\/wp-json\/wp\/v2\/pages\/486\/revisions"}],"predecessor-version":[{"id":1983,"href":"https:\/\/www.realcsfa.edu.co\/portal\/wp-json\/wp\/v2\/pages\/486\/revisions\/1983"}],"wp:attachment":[{"href":"https:\/\/www.realcsfa.edu.co\/portal\/wp-json\/wp\/v2\/media?parent=486"}],"curies":[{"name":"wp","href":"https:\/\/api.w.org\/{rel}","templated":true}]}}