{"id":315,"date":"2019-04-16T12:46:22","date_gmt":"2019-04-16T17:46:22","guid":{"rendered":"https:\/\/www.realcsfa.edu.co\/portal\/?page_id=315"},"modified":"2023-02-26T15:21:58","modified_gmt":"2023-02-26T20:21:58","slug":"banda","status":"publish","type":"page","link":"https:\/\/www.realcsfa.edu.co\/portal\/banda\/","title":{"rendered":"Banda"},"content":{"rendered":"<p>[vc_row][vc_column][vc_column_text]La <strong>historia<\/strong> de la banda del Real Colegio San Francisco de As\u00eds lleva una trayectoria de 35 a\u00f1os, por la cual han pasado distinguidos profesores como el profesor Miguel \u00c1ngel, quien fue el que le empez\u00f3 a formar y dirigir en el formato Banda de Guerra, la cual a\u00f1os m\u00e1s tarde cambi\u00f3 al formato de Banda de Paz, adquiriendo as\u00ed una uniformidad con los colores de la bandera del colegio, que en aquella \u00e9poca eran el blanco y el rojo; de esta manera, la banda empez\u00f3 a prestar servicios sociales en los diferentes eventos religiosos en la localidad de Popay\u00e1n, ya que nuestra instituci\u00f3n, en aquellos a\u00f1os, se encontraba situada en el centro de la ciudad. En el a\u00f1o 2007, toma posesi\u00f3n de la banda el profesor Geovavanny Salazar d\u00e1ndole una transformaci\u00f3n total, convirti\u00e9ndola de Banda de Paz a Banda R\u00edtmica, d\u00f3nde se empiezan a implementar instrumentos latinos, d\u00e1ndole una sonoridad m\u00e1s alegre y mucho m\u00e1s orquestada en los diferentes ritmos latinos y populares, brind\u00e1ndole al colegio grandes m\u00e9ritos en las diferentes modalidades, siendo part\u00edcipe en encuentros nacionales y departamentales.<\/p>\n<p>En el a\u00f1o 2015, llega el profesor Diego Mosquera, quien toma direcci\u00f3n y posesi\u00f3n de la banda, trayendo consigo una nueva esencia para la banda transform\u00e1ndola en Banda Latina , rescatando as\u00ed nuestros ritmos Colombianos como son la cumbia, el porro, la raspa, el Bambuco, entre otros ritmos propios de la regi\u00f3n. La banda tambi\u00e9n se ha caracterizado por interpretar ritmos latinos como lo son la salsa, el Wawanc\u00f3, merengue, entre otros; es de resaltar que, en todos estos a\u00f1os, la banda ha sido reconocida como una de las mejores bandas sonoras tanto en la parte disciplinaria como en la parte musical dejando hasta el momento nuestra instituci\u00f3n educativa muy en alto. En este tiempo, los m\u00e9ritos de la banda han enaltecido a la instituci\u00f3n, tanto en la ciudad como en los diferentes municipios del departamento del Cauca, siendo ejemplo de compromiso y sentido de pertenencia.<\/p>\n<p>&nbsp;[\/vc_column_text][vc_gallery type=&#8221;image_grid&#8221; images=&#8221;857,856,854,855&#8243; img_size=&#8221;400&#215;250&#8243; css=&#8221;.vc_custom_1677442876722{padding-right: 160px !important;padding-left: 160px !important;}&#8221;][\/vc_column][\/vc_row][vc_row][vc_column width=&#8221;1\/2&#8243;][vc_column_text]<div style=\"width: 640px;\" class=\"wp-video\"><!--[if lt IE 9]><script>document.createElement('video');<\/script><![endif]-->\n<video class=\"wp-video-shortcode\" id=\"video-315-1\" width=\"640\" height=\"352\" preload=\"metadata\" controls=\"controls\"><source type=\"video\/mp4\" src=\"https:\/\/www.realcsfa.edu.co\/portal\/wp-content\/uploads\/2019\/04\/v1.mp4?_=1\" \/><a href=\"https:\/\/www.realcsfa.edu.co\/portal\/wp-content\/uploads\/2019\/04\/v1.mp4\">https:\/\/www.realcsfa.edu.co\/portal\/wp-content\/uploads\/2019\/04\/v1.mp4<\/a><\/video><\/div>[\/vc_column_text][\/vc_column][vc_column width=&#8221;1\/2&#8243;][vc_column_text]<div style=\"width: 640px;\" class=\"wp-video\"><video class=\"wp-video-shortcode\" id=\"video-315-2\" width=\"640\" height=\"352\" preload=\"metadata\" controls=\"controls\"><source type=\"video\/mp4\" src=\"https:\/\/www.realcsfa.edu.co\/portal\/wp-content\/uploads\/2019\/04\/v2.mp4?_=2\" \/><a href=\"https:\/\/www.realcsfa.edu.co\/portal\/wp-content\/uploads\/2019\/04\/v2.mp4\">https:\/\/www.realcsfa.edu.co\/portal\/wp-content\/uploads\/2019\/04\/v2.mp4<\/a><\/video><\/div>[\/vc_column_text][\/vc_column][\/vc_row][vc_row][vc_column width=&#8221;1\/2&#8243;][\/vc_column][vc_column width=&#8221;1\/2&#8243;][vc_column_text]<div style=\"width: 640px;\" class=\"wp-video\"><video class=\"wp-video-shortcode\" id=\"video-315-3\" width=\"640\" height=\"352\" preload=\"metadata\" controls=\"controls\"><source type=\"video\/mp4\" src=\"https:\/\/www.realcsfa.edu.co\/portal\/wp-content\/uploads\/2019\/04\/v3.mp4?_=3\" \/><a href=\"https:\/\/www.realcsfa.edu.co\/portal\/wp-content\/uploads\/2019\/04\/v3.mp4\">https:\/\/www.realcsfa.edu.co\/portal\/wp-content\/uploads\/2019\/04\/v3.mp4<\/a><\/video><\/div>[\/vc_column_text][\/vc_column][\/vc_row]<\/p>\n","protected":false},"excerpt":{"rendered":"<p>[vc_row][vc_column][vc_column_text]La historia de la banda del Real Colegio San Francisco de As\u00eds lleva una trayectoria de 35 a\u00f1os, por la cual han pasado distinguidos profesores como el profesor Miguel \u00c1ngel, quien fue el que le empez\u00f3 a formar y dirigir en el formato Banda de Guerra, la cual a\u00f1os m\u00e1s tarde cambi\u00f3 al formato de [&hellip;]<\/p>\n","protected":false},"author":1,"featured_media":0,"parent":0,"menu_order":0,"comment_status":"closed","ping_status":"closed","template":"","meta":{"footnotes":""},"class_list":["post-315","page","type-page","status-publish","hentry"],"_links":{"self":[{"href":"https:\/\/www.realcsfa.edu.co\/portal\/wp-json\/wp\/v2\/pages\/315","targetHints":{"allow":["GET"]}}],"collection":[{"href":"https:\/\/www.realcsfa.edu.co\/portal\/wp-json\/wp\/v2\/pages"}],"about":[{"href":"https:\/\/www.realcsfa.edu.co\/portal\/wp-json\/wp\/v2\/types\/page"}],"author":[{"embeddable":true,"href":"https:\/\/www.realcsfa.edu.co\/portal\/wp-json\/wp\/v2\/users\/1"}],"replies":[{"embeddable":true,"href":"https:\/\/www.realcsfa.edu.co\/portal\/wp-json\/wp\/v2\/comments?post=315"}],"version-history":[{"count":13,"href":"https:\/\/www.realcsfa.edu.co\/portal\/wp-json\/wp\/v2\/pages\/315\/revisions"}],"predecessor-version":[{"id":1769,"href":"https:\/\/www.realcsfa.edu.co\/portal\/wp-json\/wp\/v2\/pages\/315\/revisions\/1769"}],"wp:attachment":[{"href":"https:\/\/www.realcsfa.edu.co\/portal\/wp-json\/wp\/v2\/media?parent=315"}],"curies":[{"name":"wp","href":"https:\/\/api.w.org\/{rel}","templated":true}]}}