{"id":304,"date":"2019-04-16T12:44:11","date_gmt":"2019-04-16T17:44:11","guid":{"rendered":"https:\/\/www.realcsfa.edu.co\/portal\/?page_id=304"},"modified":"2023-03-06T12:43:25","modified_gmt":"2023-03-06T17:43:25","slug":"deportes","status":"publish","type":"page","link":"https:\/\/www.realcsfa.edu.co\/portal\/deportes\/","title":{"rendered":"Deportes"},"content":{"rendered":"<p>[vc_row][vc_column][vc_column_text]El Real Colegio San Francisco de As\u00eds, participa en eventos deportivos locales y nacionales, obteniendo reconocimiento por su desempe\u00f1o. En 2006 fuimos campeones municipales en los Juegos Intercolegiados.<\/p>\n<p><strong>Educaci\u00f3n f\u00edsica<\/strong><\/p>\n<p>La formaci\u00f3n educativa de los ni\u00f1os y j\u00f3venes no solo se centra en el est\u00edmulo de las habilidades intelectuales, sino que adem\u00e1s involucra la actividad f\u00edsica para un buen desarrollo integral.<\/p>\n<p><img loading=\"lazy\" decoding=\"async\" class=\"wp-image-1808 alignright\" src=\"https:\/\/www.realcsfa.edu.co\/portal\/wp-content\/uploads\/2023\/03\/photo-output-4-300x179.jpeg\" alt=\"\" width=\"373\" height=\"222\" srcset=\"https:\/\/www.realcsfa.edu.co\/portal\/wp-content\/uploads\/2023\/03\/photo-output-4-300x179.jpeg 300w, https:\/\/www.realcsfa.edu.co\/portal\/wp-content\/uploads\/2023\/03\/photo-output-4-1024x612.jpeg 1024w, https:\/\/www.realcsfa.edu.co\/portal\/wp-content\/uploads\/2023\/03\/photo-output-4-768x459.jpeg 768w, https:\/\/www.realcsfa.edu.co\/portal\/wp-content\/uploads\/2023\/03\/photo-output-4-1536x918.jpeg 1536w, https:\/\/www.realcsfa.edu.co\/portal\/wp-content\/uploads\/2023\/03\/photo-output-4-1140x682.jpeg 1140w, https:\/\/www.realcsfa.edu.co\/portal\/wp-content\/uploads\/2023\/03\/photo-output-4.jpeg 1982w\" sizes=\"auto, (max-width: 373px) 100vw, 373px\" \/><\/p>\n<p>La educaci\u00f3n f\u00edsica promueve, por medio de experiencias y habilidades motoras, el conocimiento de su propio cuerpo. Adem\u00e1s de disfrutar una actividad f\u00edsica, los peque\u00f1os logran integrarse al grupo de pares compartiendo juegos que promueven su creatividad e imaginaci\u00f3n.<\/p>\n<p>&nbsp;<\/p>\n<p><strong>Objetivos<\/strong><\/p>\n<ol>\n<li>Conocer, utilizar y valorar su cuerpo y el movimiento como medio de exploraci\u00f3n, descubrimiento y disfrute de sus posibilidades motrices, de relaci\u00f3n con las dem\u00e1s personas y como recurso para organizar su tiempo libre.<\/li>\n<li>Utilizar sus capacidades f\u00edsicas, habilidades motrices y el conocimiento del cuerpo para adaptar el movimiento a cada situaci\u00f3n motriz.<\/li>\n<\/ol>\n<p>&nbsp;<\/p>\n<p><strong>Deportes<\/strong><\/p>\n<p>El colegio ofrece a los estudiantes las modalidades deportivas de <strong>Baloncesto, F\u00fatbol y Voleibol<\/strong>, con la finalidad de que sus deportistas puedan participaren los diferentes torneos y encuentros amistosos con otras instituciones a nivel municipal y departamental.<\/p>\n<p>En deportes individuales los deportistas realizan sus pr\u00e1cticas con sus diferentes entrenadores extra clase.<\/p>\n<p>Al final del a\u00f1o lectivo los deportistas reciben reconocimientos deportivos por su la representaci\u00f3n del Real Colegio San Francisco de As\u00eds.<\/p>\n<p>Dentro de las pr\u00e1cticas deportivas, encontramos:<\/p>\n<p>&nbsp;<\/p>\n<p><strong>Seleccionado F\u00fatbol<\/strong>: Mi\u00e9rcoles y viernes de 2:30 PM a 4:00 PM<\/p>\n<p><img loading=\"lazy\" decoding=\"async\" class=\"wp-image-1809 aligncenter\" src=\"https:\/\/www.realcsfa.edu.co\/portal\/wp-content\/uploads\/2023\/03\/photo-output-300x169.jpeg\" alt=\"\" width=\"448\" height=\"253\" srcset=\"https:\/\/www.realcsfa.edu.co\/portal\/wp-content\/uploads\/2023\/03\/photo-output-300x169.jpeg 300w, https:\/\/www.realcsfa.edu.co\/portal\/wp-content\/uploads\/2023\/03\/photo-output-1024x576.jpeg 1024w, https:\/\/www.realcsfa.edu.co\/portal\/wp-content\/uploads\/2023\/03\/photo-output-768x432.jpeg 768w, https:\/\/www.realcsfa.edu.co\/portal\/wp-content\/uploads\/2023\/03\/photo-output-1536x865.jpeg 1536w, https:\/\/www.realcsfa.edu.co\/portal\/wp-content\/uploads\/2023\/03\/photo-output-1140x642.jpeg 1140w, https:\/\/www.realcsfa.edu.co\/portal\/wp-content\/uploads\/2023\/03\/photo-output.jpeg 1979w\" sizes=\"auto, (max-width: 448px) 100vw, 448px\" \/><\/p>\n<p><strong>Seleccionado Baloncesto<\/strong>: Martes de 2:30 PM a 4:00 PM y s\u00e1bado 8:30 PM a 10:00 AM<\/p>\n<p><img loading=\"lazy\" decoding=\"async\" class=\" wp-image-885 aligncenter\" src=\"https:\/\/www.realcsfa.edu.co\/portal\/wp-content\/uploads\/2019\/04\/deportes3-300x200.jpg\" alt=\"\" width=\"461\" height=\"307\" srcset=\"https:\/\/www.realcsfa.edu.co\/portal\/wp-content\/uploads\/2019\/04\/deportes3-300x200.jpg 300w, https:\/\/www.realcsfa.edu.co\/portal\/wp-content\/uploads\/2019\/04\/deportes3-768x512.jpg 768w, https:\/\/www.realcsfa.edu.co\/portal\/wp-content\/uploads\/2019\/04\/deportes3-1024x683.jpg 1024w, https:\/\/www.realcsfa.edu.co\/portal\/wp-content\/uploads\/2019\/04\/deportes3-1140x760.jpg 1140w, https:\/\/www.realcsfa.edu.co\/portal\/wp-content\/uploads\/2019\/04\/deportes3-555x370.jpg 555w\" sizes=\"auto, (max-width: 461px) 100vw, 461px\" \/><\/p>\n<p><img loading=\"lazy\" decoding=\"async\" class=\" wp-image-886 aligncenter\" src=\"https:\/\/www.realcsfa.edu.co\/portal\/wp-content\/uploads\/2019\/04\/deportes4-200x300.jpg\" alt=\"\" width=\"316\" height=\"474\" srcset=\"https:\/\/www.realcsfa.edu.co\/portal\/wp-content\/uploads\/2019\/04\/deportes4-200x300.jpg 200w, https:\/\/www.realcsfa.edu.co\/portal\/wp-content\/uploads\/2019\/04\/deportes4-768x1152.jpg 768w, https:\/\/www.realcsfa.edu.co\/portal\/wp-content\/uploads\/2019\/04\/deportes4-683x1024.jpg 683w, https:\/\/www.realcsfa.edu.co\/portal\/wp-content\/uploads\/2019\/04\/deportes4-1140x1710.jpg 1140w\" sizes=\"auto, (max-width: 316px) 100vw, 316px\" \/><\/p>\n<p><strong>Seleccionado Voleibol<\/strong>: Martes y Jueves de 2:30 PM\u00a0 a 4:00 PM<\/p>\n<p>&nbsp;<\/p>\n<p>Participaci\u00f3n en actividades art\u00edsticas, deportivas y culturales dentro y fuera de la ciudad.<\/p>\n<p>A partir del mes de septiembre el colegio brinda los deportes en contra jornada, los horarios se entregar\u00e1n a partir del 15 de septiembre, despu\u00e9s de las inscripciones que se realicen por parte de los estudiantes y familias interesadas. Para Preescolar este servicio ser\u00e1 en los horarios de su jornada escolar.[\/vc_column_text][\/vc_column][\/vc_row]<\/p>\n","protected":false},"excerpt":{"rendered":"<p>[vc_row][vc_column][vc_column_text]El Real Colegio San Francisco de As\u00eds, participa en eventos deportivos locales y nacionales, obteniendo reconocimiento por su desempe\u00f1o. En 2006 fuimos campeones municipales en los Juegos Intercolegiados. Educaci\u00f3n f\u00edsica La formaci\u00f3n educativa de los ni\u00f1os y j\u00f3venes no solo se centra en el est\u00edmulo de las habilidades intelectuales, sino que adem\u00e1s involucra la actividad [&hellip;]<\/p>\n","protected":false},"author":1,"featured_media":0,"parent":0,"menu_order":0,"comment_status":"closed","ping_status":"closed","template":"","meta":{"footnotes":""},"class_list":["post-304","page","type-page","status-publish","hentry"],"_links":{"self":[{"href":"https:\/\/www.realcsfa.edu.co\/portal\/wp-json\/wp\/v2\/pages\/304","targetHints":{"allow":["GET"]}}],"collection":[{"href":"https:\/\/www.realcsfa.edu.co\/portal\/wp-json\/wp\/v2\/pages"}],"about":[{"href":"https:\/\/www.realcsfa.edu.co\/portal\/wp-json\/wp\/v2\/types\/page"}],"author":[{"embeddable":true,"href":"https:\/\/www.realcsfa.edu.co\/portal\/wp-json\/wp\/v2\/users\/1"}],"replies":[{"embeddable":true,"href":"https:\/\/www.realcsfa.edu.co\/portal\/wp-json\/wp\/v2\/comments?post=304"}],"version-history":[{"count":3,"href":"https:\/\/www.realcsfa.edu.co\/portal\/wp-json\/wp\/v2\/pages\/304\/revisions"}],"predecessor-version":[{"id":1813,"href":"https:\/\/www.realcsfa.edu.co\/portal\/wp-json\/wp\/v2\/pages\/304\/revisions\/1813"}],"wp:attachment":[{"href":"https:\/\/www.realcsfa.edu.co\/portal\/wp-json\/wp\/v2\/media?parent=304"}],"curies":[{"name":"wp","href":"https:\/\/api.w.org\/{rel}","templated":true}]}}