{"id":300,"date":"2019-04-16T12:39:58","date_gmt":"2019-04-16T17:39:58","guid":{"rendered":"https:\/\/www.realcsfa.edu.co\/portal\/?page_id=300"},"modified":"2019-04-24T18:59:12","modified_gmt":"2019-04-24T23:59:12","slug":"quienes-somos-2","status":"publish","type":"page","link":"https:\/\/www.realcsfa.edu.co\/portal\/quienes-somos-2\/","title":{"rendered":"Quienes somos"},"content":{"rendered":"<p>[vc_row][vc_column][vc_row_inner][vc_column_inner width=&#8221;1\/2&#8243;][vc_column_text]Conoce un poco de nuestra instituci\u00f3n y \u00fanete a esta gran comunidad.[\/vc_column_text][\/vc_column_inner][vc_column_inner width=&#8221;1\/2&#8243;][vc_raw_html]JTNDaWZyYW1lJTIwd2lkdGglM0QlMjI1NjAlMjIlMjBoZWlnaHQlM0QlMjIzMTUlMjIlMjBzcmMlM0QlMjJodHRwcyUzQSUyRiUyRnd3dy55b3V0dWJlLmNvbSUyRmVtYmVkJTJGVlVWdnJ0cmxPRmclMjIlMjBmcmFtZWJvcmRlciUzRCUyMjAlMjIlMjBhbGxvdyUzRCUyMmFjY2VsZXJvbWV0ZXIlM0IlMjBhdXRvcGxheSUzQiUyMGVuY3J5cHRlZC1tZWRpYSUzQiUyMGd5cm9zY29wZSUzQiUyMHBpY3R1cmUtaW4tcGljdHVyZSUyMiUyMGFsbG93ZnVsbHNjcmVlbiUzRSUzQyUyRmlmcmFtZSUzRQ==[\/vc_raw_html][\/vc_column_inner][\/vc_row_inner][tt_video_embed tt_video_url=&#8221;https:\/\/youtu.be\/VUVvrtrlOFg&#8221;][vc_text_separator title=&#8221;Bandera&#8221; border_width=&#8221;2&#8243;][vc_column_text]<\/p>\n<p>La Bandera del Real Colegio San Francisco de As\u00eds consta de dos colores, blanco y rojo en dos franjas horizontales de igual tama\u00f1o.<\/p>\n<p>[\/vc_column_text][vc_row_inner][vc_column_inner width=&#8221;1\/4&#8243;][vc_single_image image=&#8221;629&#8243; img_size=&#8221;medium&#8221;][\/vc_column_inner][vc_column_inner width=&#8221;3\/4&#8243;][vc_column_text]<\/p>\n<p>Blanco: Es color de la pureza, dignidad, justicia, celo, verdad, perseverancia, gratitud, buena fe, alegr\u00eda y paz, se encuentra en lo mas alto de la naturaleza, en las cimas de nuestras monta\u00f1as y en las nubes como simbolizando la altura con que el Real Colegio San Francisco de As\u00eds emprende sus obras, d\u00e1ndole importancia por m\u00e1s sencillas que sean. Es el color de los altos hechos y de los nobles ideales.<\/p>\n<p>Rojo: El color es color de sacrificio, de la sangre que recorre nuestro cuerpo irradiando vida, es s\u00edmbolo de hero\u00edsmo, patriotismo y gallard\u00eda. Para nuestro colegio es el \u00e1nimo y la vida con que emprendemos nuestro trabajo diario, con amistad y uni\u00f3n entre los componentes de la Familia Franciscana.<\/p>\n<p>[\/vc_column_text][\/vc_column_inner][\/vc_row_inner][vc_column_text]<\/p>\n<p>La bandera ocupar\u00e1 sitial de honor al lado izquierdo junto a los pabellones Nacional, del departamento del Cauca y del municipio de Popay\u00e1n en todas las ceremonias del colegio.<\/p>\n<p>[\/vc_column_text][\/vc_column][\/vc_row][vc_row][vc_column][vc_text_separator title=&#8221;Escudo&#8221; border_width=&#8221;2&#8243;][vc_column_text]<\/p>\n<p>El escudo de armas que no termina en punta demostrando continuidad, est\u00e1 dividido en cuatro cuarteles por la gran cruz de Jerusal\u00e9n o cruz del Santo Sepulcro, s\u00edmbolo de la cristiandad y filosof\u00eda del colegio.<\/p>\n<p>[\/vc_column_text][vc_row_inner][vc_column_inner width=&#8221;1\/4&#8243;][vc_single_image image=&#8221;632&#8243; img_size=&#8221;medium&#8221;][\/vc_column_inner][vc_column_inner width=&#8221;3\/4&#8243;][vc_column_text]<\/p>\n<p><strong> Primer Cuartel:<\/strong> Presenta una cometa en fondo negro s\u00edmbolo de avance y la b\u00fasqueda del hombre por la verdad, por el universo y la ciencia que ilumina la oscuridad de la ignorancia.<\/p>\n<p><strong>Segundo Cuartel:<\/strong> Un \u00e1rbol de roble en s\u00ednople, representa el amor y el entorno natural del Hermano Francisco, nuestro modelo a imitar. Un lobo nos recuerda a la humanidad y su degradaci\u00f3n. Solo brindando amor aut\u00e9ntico y sincero se pierde todo lo negativo del hombre.<\/p>\n<p><strong>Tercer Cuartel:<\/strong> Representa parte del Escudo de Popay\u00e1n, Ciudad de nuestros prop\u00f3sitos con un sol radiante, s\u00edmbolo de unidad, verdad, claridad, majestad, abundancia y libertad.<\/p>\n<p><strong>Cuarto Cuartel:<\/strong> Se presenta la imagen de San Francisco de As\u00eds en actitud de meditaci\u00f3n, recordando la responsabilidad de ser Franciscano.<\/p>\n<p>[\/vc_column_text][\/vc_column_inner][\/vc_row_inner][vc_column_text]<\/p>\n<p>El Escudo est\u00e1 coronado para simbolizar nobleza y magnitud; riqueza, poder y esplendor. Los ornamentos exteriores constituyen la distinci\u00f3n de jerarqu\u00eda y de realeza. En la bordadura, el nombre completo: Real Colegio San Francisco de As\u00eds y en cinta remata el escudo en su parte inferior ostentando nuestro lema: Servicio y Hermandad.<\/p>\n<p>[\/vc_column_text][\/vc_column][\/vc_row][vc_row][vc_column][vc_empty_space][\/vc_column][\/vc_row][vc_section full_width=&#8221;stretch_row&#8221; css=&#8221;.vc_custom_1555700343886{background-color: #474747 !important;}&#8221;][vc_row][vc_column][tt_section_title title_color_option=&#8221;custom-color&#8221; title=&#8221;Himno&#8221; title_color=&#8221;#ffffff&#8221;][\/tt_section_title][\/vc_column][\/vc_row][vc_row][vc_column width=&#8221;1\/3&#8243;][vc_column_text css_animation=&#8221;fadeInLeft&#8221;]<\/p>\n<p style=\"text-align: center;\"><span style=\"color: #ffffff;\"><strong>Coro<\/strong><\/span><\/p>\n<hr \/>\n<p style=\"text-align: center;\"><span style=\"color: #ffffff;\">Cantemos hoy con j\u00fabilo tus glorias <\/span><br \/>\n<span style=\"color: #ffffff;\">Real Colegio San Francisco de As\u00eds, <\/span><br \/>\n<span style=\"color: #ffffff;\">viveros son tus aulas centenarias <\/span><br \/>\n<span style=\"color: #ffffff;\">de la virtud del bien y del saber. <\/span><br \/>\n<span style=\"color: #ffffff;\">Como clarines vibren nuestras voces <\/span><br \/>\n<span style=\"color: #ffffff;\">para ensalzar tu nombre por doquier, <\/span><br \/>\n<span style=\"color: #ffffff;\">forjaste ilustres y recios varones, <\/span><br \/>\n<span style=\"color: #ffffff;\">de Popay\u00e1n diadema, orgullo y prez.<\/span><\/p>\n<p>[\/vc_column_text][\/vc_column][vc_column width=&#8221;1\/3&#8243;][vc_empty_space][vc_column_text css_animation=&#8221;fadeInLeft&#8221;]<\/p>\n<p style=\"text-align: center;\"><span style=\"color: #ffffff;\"><strong>I Estrofa<\/strong><\/span><\/p>\n<hr \/>\n<p style=\"text-align: center;\"><span style=\"color: #ffffff;\">De noble alcurnia y de laureles herederos, <\/span><br \/>\n<span style=\"color: #ffffff;\">hoy prometemos m\u00e1s arriba enarbolar <\/span><br \/>\n<span style=\"color: #ffffff;\">con juvenil ardor y fe nuestro perd\u00f3n, blanco y rub\u00ed <\/span><br \/>\n<span style=\"color: #ffffff;\">feliz emblema del amor y de la paz <\/span><br \/>\n<span style=\"color: #ffffff;\">y tras las huellas de Francisco &#8220;El Poverello&#8221; <\/span><br \/>\n<span style=\"color: #ffffff;\">&#8220;Servicio y Hermandad&#8221; ser\u00e1n nuestro ideal <\/span><br \/>\n<span style=\"color: #ffffff;\">para tocar esta ciudad martirizada <\/span><br \/>\n<span style=\"color: #ffffff;\">y nuestra amada Patria en un ed\u00e9n de paz.<\/span><\/p>\n<p>[\/vc_column_text][\/vc_column][vc_column width=&#8221;1\/3&#8243;][vc_empty_space height=&#8221;64px&#8221;][vc_column_text css_animation=&#8221;fadeInLeft&#8221;]<\/p>\n<p style=\"text-align: center;\"><span style=\"color: #ffffff;\"><strong>II Estrofa<\/strong><\/span><\/p>\n<hr \/>\n<p style=\"text-align: center;\"><span style=\"color: #ffffff;\">Siempre en ascenso, marcha firme y victorioso <\/span><br \/>\n<span style=\"color: #ffffff;\">Real Colegio, sacro Templo del saber, <\/span><br \/>\n<span style=\"color: #ffffff;\">c\u00e1lido hogar, noble taller de la verdad vivo crisol <\/span><br \/>\n<span style=\"color: #ffffff;\">y semillero de una nueva sociedad <\/span><br \/>\n<span style=\"color: #ffffff;\">arriba el Purac\u00e9 te invita a las alturas; <\/span><br \/>\n<span style=\"color: #ffffff;\">vig\u00eda y faro tu ascensi\u00f3n orientar\u00e1; <\/span><br \/>\n<span style=\"color: #ffffff;\">las brisas de Pubenza, el eco de tus glorias <\/span><br \/>\n<span style=\"color: #ffffff;\">y tu nombre inmortal, muy lejos llevar\u00e1n.<\/span><\/p>\n<p>[\/vc_column_text][\/vc_column][\/vc_row][vc_row][vc_column][vc_column_text]<\/p>\n<p><span style=\"color: #ffffff;\">Letra y M\u00fasica de: Juan Bautista Ospina<\/span><\/p>\n<p>[\/vc_column_text][\/vc_column][\/vc_row][\/vc_section][vc_row][vc_column][vc_empty_space][\/vc_column][\/vc_row][vc_row][vc_column][vc_text_separator title=&#8221;Patrono&#8221; border_width=&#8221;3&#8243;][vc_column_text css=&#8221;.vc_custom_1556125477137{background-color: #474747 !important;border-radius: 30px !important;}&#8221;]<!--[if lt IE 9]><script>document.createElement('audio');<\/script><![endif]-->\n<audio class=\"wp-audio-shortcode\" id=\"audio-300-1\" preload=\"none\" style=\"width: 100%;\" controls=\"controls\"><source type=\"audio\/mpeg\" src=\"https:\/\/www.realcsfa.edu.co\/portal\/wp-content\/uploads\/2019\/04\/san-francisco-audio.mp3?_=1\" \/><a href=\"https:\/\/www.realcsfa.edu.co\/portal\/wp-content\/uploads\/2019\/04\/san-francisco-audio.mp3\">https:\/\/www.realcsfa.edu.co\/portal\/wp-content\/uploads\/2019\/04\/san-francisco-audio.mp3<\/a><\/audio>[\/vc_column_text][vc_column_text]<\/p>\n<p>San Francisco de As\u00eds cuyo nombre de pila era Giovanni Francesco Bernardone, naci\u00f3 en el a\u00f1o de 1182 en As\u00eds (Italia) y muri\u00f3 a los 44 a\u00f1os de edad en el a\u00f1o 1226.<\/p>\n<p>De joven llev\u00f3 una vida normal, so\u00f1ando con ser un gran caballero; una vez enlistado en el ej\u00e9rcito de su pueblo y tras una batalla entre las ciudades de As\u00eds y Perugia, cae prisionero durante un a\u00f1o en el que sufri\u00f3 una grave enfermedad que le hizo reflexionar y cambiar su estilo de vida.<\/p>\n<p>[\/vc_column_text][vc_row_inner][vc_column_inner width=&#8221;1\/4&#8243;][vc_single_image image=&#8221;634&#8243; img_size=&#8221;medium&#8221;][\/vc_column_inner][vc_column_inner width=&#8221;3\/4&#8243;][vc_column_text]<\/p>\n<p>Comenz\u00f3 por servir a los leprosos de su pueblo, a trabajar en la restauraci\u00f3n de una iglesia en ruinas; al parecer una iglesia que se desmoronaba, \u201cSan Dami\u00e1n\u201d, por la falta de hombres convencidos y protagonista de la historia.<\/p>\n<p>Sirvi\u00f3 a los proscritos en los bosques del monte Subasio con quienes comparti\u00f3 haci\u00e9ndolos sus hermanos en las ruinas de la capilla de Santa Mar\u00eda de los \u00c1ngeles.<\/p>\n<p>Cre\u00f3 una de las tradiciones m\u00e1s importantes de todos los tiempos para la humanidad, el Pesebre, en torno al cual se re\u00fanen y se seguir\u00e1n reuniendo las familias.<\/p>\n<p>[\/vc_column_text][\/vc_column_inner][\/vc_row_inner][vc_column_text]<\/p>\n<p>Fue el protagonista del movimiento renovador de la espiritualidad cristiana del siglo XIII m\u00e1s importante de la \u00e9poca y de nuestra \u00e9poca, lo que le otorg\u00f3 el t\u00edtulo de parte del Papa Juan Pablo II de \u201cPatr\u00f3n de los ecologistas\u201d el 29 de noviembre de 1.979.<\/p>\n<p>Sinti\u00f3 gran aprecio y amor por la naturaleza y la vida, como queda de manifiesto en el C\u00e1ntico de las criaturas, en el que el sol y el resto de la naturaleza son alabados como hermanos y hermanas, y en el c\u00e9lebre episodio en el que Francisco predica a los gorriones. Por eso son emblemas propios de San Francisco, el lobo, el cordero, los peces, los p\u00e1jaros y los estigmas.<\/p>\n<p>Fue uno de los primeros hombres que con mayor anticipaci\u00f3n fuera declarado santo, dos a\u00f1os despu\u00e9s de su fallecimiento. Su festividad la celebramos el 4 de octubre, en ella recordamos al hermano, al defensor de la naturaleza, a la iglesia en general, a la vivencia de nuestro lema franciscano \u201cServicio y hermandad\u201d.<\/p>\n<p>Humildad, servicio, entrega y perseverancia que testimonia el compromiso con sus ideales de hermandad, profundo sentido de la comunicaci\u00f3n con las criaturas, caridad evang\u00e9lica en lo social y natural y comunicaci\u00f3n trascendente a trav\u00e9s de la orientaci\u00f3n. Por ello, el 29 de noviembre de 1979 es declarado Padre Celestial de la Ecolog\u00eda, por el Papa Juan Pablo II.<\/p>\n<p>[\/vc_column_text][\/vc_column][\/vc_row][vc_row][vc_column][vc_empty_space][\/vc_column][\/vc_row][vc_row][vc_column][vc_text_separator title=&#8221;Plegaria por la Paz&#8221; border_width=&#8221;3&#8243;][\/vc_column][\/vc_row][vc_row][vc_column width=&#8221;1\/2&#8243;][vc_single_image image=&#8221;636&#8243; img_size=&#8221;full&#8221; alignment=&#8221;center&#8221; css=&#8221;.vc_custom_1555729413484{margin-top: 100px !important;}&#8221;][\/vc_column][vc_column width=&#8221;1\/2&#8243;][vc_column_text]<\/p>\n<p style=\"text-align: center;\">Se\u00f1or, hazme un instrumento de tu paz;<br \/>\ndonde haya odio, siembre yo amor;<br \/>\ndonde hay injuria, perd\u00f3n;<br \/>\ndonde hay duda, fe;<br \/>\ndonde hay desesperanza, esperanza;<br \/>\ndonde hay oscuridad, luz;<br \/>\ndonde hay tristeza, alegr\u00eda.<br \/>\n\u00a1Oh Divino Maestro!<br \/>\nConc\u00e9deme que no busque ser comprendido, sino comprender;<br \/>\nque no busque ser amado, sino amar;<br \/>\nque no busque ser consolado; sino consolar.<br \/>\nPorque dando, recibo.<br \/>\nPerdonando, t\u00fa me perdonas;<br \/>\nY muriendo en Ti, nazco para la vida eterna.<\/p>\n<p style=\"text-align: center;\">Am\u00e9n<\/p>\n<p>[\/vc_column_text][\/vc_column][\/vc_row][vc_row][vc_column][vc_empty_space][\/vc_column][\/vc_row][vc_row][vc_column][vc_text_separator title=&#8221;Mascota&#8221; border_width=&#8221;2&#8243;][vc_column_text]Este remoquete se lo hab\u00edan colocado por su parecido f\u00edsico con este animal, a quien fuera rector en los 70s: el Padre Jorge Ocampo Jaramillo. Por tal raz\u00f3n en los enfrentamientos deportivos, especialmente de baloncesto en el Coliseo La Estancia, terminaban en una batalla campal con el Colegio Champagnat, tom\u00e1ndose como una ofensa para los estudiantes del Real Colegio San Francisco de As\u00eds, el llamarle cocodrilos.[\/vc_column_text][vc_row_inner][vc_column_inner width=&#8221;1\/2&#8243;][vc_single_image image=&#8221;639&#8243; img_size=&#8221;large&#8221; alignment=&#8221;center&#8221;][\/vc_column_inner][vc_column_inner width=&#8221;1\/2&#8243;][vc_column_text]Para lograr apaciguar y provocar reacciones diferentes, en el a\u00f1o de 1993 cuando la Instituci\u00f3n cumpli\u00f3 los 30 a\u00f1os, se propone adoptar al cocodrilo como mascota del Colegio y en un desfile por las calles de Popay\u00e1n se proclama a este como tal.<\/p>\n<p>A partir de ese momento se convierte en una insignia m\u00e1s y motivo de orgullo de la Instituci\u00f3n.<\/p>\n<p>Aunque es un animal rudo, agresivo, se pretende capitalizar esto como los valores que se requieren para el estudio, el deporte, la amistad, la solidaridad, el servicio y la hermandad.[\/vc_column_text][\/vc_column_inner][\/vc_row_inner][\/vc_column][\/vc_row]<\/p>\n","protected":false},"excerpt":{"rendered":"<p>[vc_row][vc_column][vc_row_inner][vc_column_inner width=&#8221;1\/2&#8243;][vc_column_text]Conoce un poco de nuestra instituci\u00f3n y \u00fanete a esta gran comunidad.[\/vc_column_text][\/vc_column_inner][vc_column_inner width=&#8221;1\/2&#8243;][vc_raw_html]JTNDaWZyYW1lJTIwd2lkdGglM0QlMjI1NjAlMjIlMjBoZWlnaHQlM0QlMjIzMTUlMjIlMjBzcmMlM0QlMjJodHRwcyUzQSUyRiUyRnd3dy55b3V0dWJlLmNvbSUyRmVtYmVkJTJGVlVWdnJ0cmxPRmclMjIlMjBmcmFtZWJvcmRlciUzRCUyMjAlMjIlMjBhbGxvdyUzRCUyMmFjY2VsZXJvbWV0ZXIlM0IlMjBhdXRvcGxheSUzQiUyMGVuY3J5cHRlZC1tZWRpYSUzQiUyMGd5cm9zY29wZSUzQiUyMHBpY3R1cmUtaW4tcGljdHVyZSUyMiUyMGFsbG93ZnVsbHNjcmVlbiUzRSUzQyUyRmlmcmFtZSUzRQ==[\/vc_raw_html][\/vc_column_inner][\/vc_row_inner][tt_video_embed tt_video_url=&#8221;https:\/\/youtu.be\/VUVvrtrlOFg&#8221;][vc_text_separator title=&#8221;Bandera&#8221; border_width=&#8221;2&#8243;][vc_column_text] La Bandera del Real Colegio San Francisco de As\u00eds consta de dos colores, blanco y rojo en dos franjas horizontales de igual tama\u00f1o. [\/vc_column_text][vc_row_inner][vc_column_inner width=&#8221;1\/4&#8243;][vc_single_image image=&#8221;629&#8243; img_size=&#8221;medium&#8221;][\/vc_column_inner][vc_column_inner width=&#8221;3\/4&#8243;][vc_column_text] Blanco: Es color de la pureza, dignidad, justicia, celo, verdad, [&hellip;]<\/p>\n","protected":false},"author":1,"featured_media":0,"parent":0,"menu_order":0,"comment_status":"closed","ping_status":"closed","template":"","meta":{"footnotes":""},"class_list":["post-300","page","type-page","status-publish","hentry"],"_links":{"self":[{"href":"https:\/\/www.realcsfa.edu.co\/portal\/wp-json\/wp\/v2\/pages\/300","targetHints":{"allow":["GET"]}}],"collection":[{"href":"https:\/\/www.realcsfa.edu.co\/portal\/wp-json\/wp\/v2\/pages"}],"about":[{"href":"https:\/\/www.realcsfa.edu.co\/portal\/wp-json\/wp\/v2\/types\/page"}],"author":[{"embeddable":true,"href":"https:\/\/www.realcsfa.edu.co\/portal\/wp-json\/wp\/v2\/users\/1"}],"replies":[{"embeddable":true,"href":"https:\/\/www.realcsfa.edu.co\/portal\/wp-json\/wp\/v2\/comments?post=300"}],"version-history":[{"count":17,"href":"https:\/\/www.realcsfa.edu.co\/portal\/wp-json\/wp\/v2\/pages\/300\/revisions"}],"predecessor-version":[{"id":1045,"href":"https:\/\/www.realcsfa.edu.co\/portal\/wp-json\/wp\/v2\/pages\/300\/revisions\/1045"}],"wp:attachment":[{"href":"https:\/\/www.realcsfa.edu.co\/portal\/wp-json\/wp\/v2\/media?parent=300"}],"curies":[{"name":"wp","href":"https:\/\/api.w.org\/{rel}","templated":true}]}}