{"id":269,"date":"2019-04-16T10:41:14","date_gmt":"2019-04-16T15:41:14","guid":{"rendered":"https:\/\/www.realcsfa.edu.co\/portal\/?page_id=269"},"modified":"2019-04-20T08:58:54","modified_gmt":"2019-04-20T13:58:54","slug":"alumnos","status":"publish","type":"page","link":"https:\/\/www.realcsfa.edu.co\/portal\/alumnos\/","title":{"rendered":"Estudiantes"},"content":{"rendered":"<p>[vc_row][vc_column][vc_empty_space][vc_text_separator title=&#8221;Dec\u00e1logo del Estudiante&#8221; border_width=&#8221;3&#8243;][vc_single_image image=&#8221;668&#8243; img_size=&#8221;large&#8221; alignment=&#8221;center&#8221;][vc_column_text]<\/p>\n<p>Con Sentido de Trascendencia. Es un hombre y mujer de fe, convencidos de que el Dios de la vida y de la historia los llama a la construcci\u00f3n de un mundo, \u201cm\u00e1s justo, m\u00e1s solidario y m\u00e1s humano\u201d.<\/p>\n<p>\u00a0<br \/>Con Visi\u00f3n Cient\u00edfica. Estamos seguros de que la investigaci\u00f3n y la academia tratadas con rigor y disciplina forjar\u00e1n el hombre y el mundo del ma\u00f1ana.<\/p>\n<p>\u00a0<br \/>Con Visi\u00f3n Human\u00edstica. La comunidad educativa del Real Colegio San Francisco de As\u00eds tiene como fuente de su quehacer pedag\u00f3gica la persona y el Evangelio de Jes\u00fas como prototipo de verdadera realizaci\u00f3n humana<br \/>\u00a0<br \/>Con Compromiso Social. La excelencia acad\u00e9mica que busca el colegio va acompa\u00f1ado de una exigencia que dimana de sus propia filosof\u00eda \u201cServicio y Hermandad\u201d a la sociedad en general y a los desprotegidos en particular.<br \/>\u00a0<br \/>Con Sentido de Pertenencia. El alumno Franciscano valora su familia, su colegio, su tierra y los valores propios de su regi\u00f3n y de Colombia como expresi\u00f3n de fidelidad y de afecto por lo propio.<br \/>\u00a0<br \/>Con Respeto por la Naturaleza. Seguimos el testimonio del Santo de As\u00eds como paradigma que merece vivirse para lograr la preservaci\u00f3n y conservaci\u00f3n del medio ambiente con su sano equilibrio ecol\u00f3gico.<\/p>\n<p>\u00a0<br \/>El Amor por la Lectura. La lectura comprensiva nos ayuda a tener una cosmovisi\u00f3n y entender la vida y el mundo para buscar soluciones a los diferentes conflictos por la v\u00eda del di\u00e1logo y la concertaci\u00f3n.<\/p>\n<p>\u00a0<br \/>El Deporte. Todas las actividades deportivas a nivel de competici\u00f3n y recreaci\u00f3n forjaran unos cuerpos, unas mentes capaces de triunfar ante las adversidades.<\/p>\n<p>\u00a0<br \/>La Cultura como expresi\u00f3n de un Pueblo. El teatro, la m\u00fasica y la danza contribuyen a formar a ese ser humano integral que buscamos, capaz de relacionarse consigo mismo, con los dem\u00e1s, con la naturaleza y con Dios.<\/p>\n<p>\u00a0<br \/>Los Valores. Como \u00fanica posibilidad de construir una Colombia nueva.<\/p>\n<p>[\/vc_column_text][\/vc_column][\/vc_row][vc_row][vc_column][vc_empty_space][vc_text_separator title=&#8221;Deberes de los Estudiantes&#8221; border_width=&#8221;3&#8243;][vc_single_image image=&#8221;670&#8243; img_size=&#8221;large&#8221; alignment=&#8221;center&#8221;][vc_column_text]<\/p>\n<p>Conocer, aceptar y cumplir el Manual de Convivencia.<\/p>\n<p>\u00a0<br \/>Conocer, interiorizar y llevar a la pr\u00e1ctica la filosof\u00eda, los principios, la misi\u00f3n y la visi\u00f3n de la Instituci\u00f3n.<\/p>\n<p>\u00a0<br \/>Tratar con dignidad y respeto a toda la comunidad franciscana y sociedad, en general.<br \/>\u00a0<br \/>Participar de los procesos de inducci\u00f3n programados por la instituci\u00f3n y apoyarlos para crear un ambiente de convivencia y bienestar.<br \/>\u00a0<br \/>Cumplir con dignidad, responsabilidad y decoro con el proceso acad\u00e9mico, disciplinario y de convivencia para la cual se matricul\u00f3.<br \/>\u00a0<br \/>Desarrollar responsablemente las actividades programadas por la instituci\u00f3n dentro y fuera de ella.<\/p>\n<p>\u00a0<br \/>Respetar los acuerdos establecidos para la convivencia en la instituci\u00f3n.<\/p>\n<p>\u00a0<br \/>Superar las dificultades para alcanzar los logros propuestos.<\/p>\n<p>\u00a0<br \/>Asistir puntualmente a clases y a las actividades que programe el colegio.<\/p>\n<p>\u00a0<br \/>Informar y justificar, inmediatamente, en compa\u00f1\u00eda del padre de familia a la Coordinaci\u00f3n de Convivencia, las tardanzas o inasistencias a las diferentes actividades curriculares y extracurriculares. Presentar la justificaci\u00f3n de la inasistencia a los profesores para la realizaci\u00f3n de los trabajos y evaluaciones.<br \/>\u00a0<br \/>Vestir correctamente los uniformes, como expresi\u00f3n de identidad y pertenencia a la instituci\u00f3n, lo cual implica no utilizar piercing, peinados o accesorios extravagantes en hombres y mujeres, ni cabello largo en hombres.<br \/>\u00a0<br \/>Permanecer dentro del Plantel durante toda la jornada escolar y en los sitios programados para cada actividad. <br \/>\u00a0<br \/>Solicitar a coordinaciones por parte del padre de familia el permiso para retirarse del colegio.<br \/>\u00a0<br \/>Guardar el comportamiento debido en cada uno de los diferentes espacios del plantel durante las horas de clase, cambios de clase y descansos; permanecer dentro del aula respectiva, salvo que se encuentre en otra dependencia con la boleta de circulaci\u00f3n correspondiente. <br \/>\u00a0<br \/>Durante el descanso y actividades institucionales las aulas de clase permanecen cerradas.<br \/>\u00a0<br \/>Portar permanente y adecuadamente el carn\u00e9 y presentarlo cuando fuere solicitado dentro y fuera de la instituci\u00f3n. En caso de p\u00e9rdida informar inmediatamente a la autoridad competente y con copia de la denuncia, solicitar el duplicado en la Coordinaci\u00f3n de convivencia.<br \/>\u00a0<br \/>No portar ni hacer uso de cigarrillos, f\u00f3sforos, encendedores, licores, armas, sustancias psicoactivas drogas o cualquier otro elemento que pongan en riesgo su salud f\u00edsica o mental, o la de cualquier miembro del colegio.<br \/>\u00a0<br \/>Cumplir con las normas sociales y acuerdos de convivenciales fijadas por la instituci\u00f3n.<br \/>\u00a0<br \/>Colaborar y participar con los profesores y personal administrativo y operativo en todas las actividades dentro y fuera del Plantel.<br \/>\u00a0<br \/>Utilizar los servicios del colegio con la compostura y el decoro que garanticen la seguridad y el bienestar de quienes lo comparten, respetando los turnos de los compa\u00f1eros u otras personas.<br \/>\u00a0<br \/>Entregar los objetos encontrados o perdidos a la Coordinaci\u00f3n de convivencia.<br \/>\u00a0<br \/>Conservar el aseo de la planta f\u00edsica y de los implementos de la instituci\u00f3n.<br \/>\u00a0<br \/>No hacer letreros o dibujos que deterioren la buena presentaci\u00f3n de la planta f\u00edsica y\/o elementos de la Instituci\u00f3n.<br \/>\u00a0<br \/>No usar joyas y accesorios llamativos durante la jornada escolar con el uniforme de diario y educaci\u00f3n f\u00edsica.<br \/>\u00a0<br \/>No utilizar celulares ni reproductores de m\u00fasica y aparatos electr\u00f3nicos durante el desarrollo de las actividades acad\u00e9micas, culturales o deportivas. seg\u00fan resoluci\u00f3n N\u00b0 10 del 12 enero de 2007.<br \/>\u00a0<br \/>Responsabilizarse y cuidar de los elementos para su cargo, como laboratorios, biblioteca, almac\u00e9n, tienda, sala de inform\u00e1tica, sala de Internet, ayudas educativas, emisora, salas de audio, enfermer\u00eda, capilla etc. de acuerdo con su reglamento interno. Dar el debido uso a las dependencias<br \/>\u00a0<br \/>Utilizar un lenguaje decente y respetuoso que excluya toda palabra o gesto vulgar u ofensivo.<br \/>\u00a0<br \/>Comunicar de inmediato toda falta que atente contra el bien com\u00fan para evitar ser c\u00f3mplice de la misma.<br \/>\u00a0<br \/>Respetar el conducto regular en la soluci\u00f3n de sus problemas. El conducto regular es: estudiante &#8211; profesor de la asignatura &#8211; director de grupo &#8211; coordinadores &#8211; Rector &#8211; consejo directivo.<br \/>\u00a0<br \/>Entregar oportunamente, los comunicados que el colegio env\u00ede a los padres, acudientes o tutores; informando la fecha y hora de reuniones y actividades en general.<br \/>\u00a0<br \/>Participar y guardar una actitud respetuosa y digna en los actos religiosos, c\u00edvicos, deportivos y culturales.<br \/>\u00a0<br \/>No colocar apodos o hacer bromas o burlas de mal gusto que entorpezcan las relaciones entre los miembros de la comunidad educativa.<br \/>\u00a0<br \/>Colaborar, seg\u00fan sean sus fortalezas, con los compa\u00f1eros (as) que presenten dificultades de tipo acad\u00e9mico y\/o de convivencia.<br \/>\u00a0<br \/>Informar oportunamente a los profesores, director de grupo, coordinador o al rector sobre las faltas o da\u00f1os que afecten a la comunidad franciscana.<br \/>\u00a0<br \/>Acatar las observaciones e instrucciones del personal docente, personal administrativo u operativo de la Instituci\u00f3n.<br \/>\u00a0<br \/>Cuidar sus pertenencias y no traer objetos diferentes a los \u00fatiles escolares.<br \/>\u00a0<br \/>Mantener buen comportamiento en veh\u00edculos que presten el servicio de transporte en las actividades del colegio.<br \/>\u00a0<br \/>Cumplir puntualmente con las actividades complementarias programadas por la instituci\u00f3n.<br \/>\u00a0<br \/>Realizar las cr\u00edticas relacionadas con la educaci\u00f3n que recibe en forma respetuosa y constructiva.<br \/>\u00a0<br \/>No portar el uniforme del colegio en situaciones diferentes a las estipuladas en el presente Manual.<br \/>\u00a0<br \/>Portar diariamente su agenda, donde est\u00e1 el Manual de Convivencia, con el fin de tener un mejor manejo en posibles conflictos.<br \/>\u00a0<br \/>Cumplir con los horarios y las programaciones acad\u00e9micas, pedag\u00f3gicas y culturales establecidas en el Colegio.<br \/>\u00a0<br \/>Participar activamente en su propia formaci\u00f3n integral, aprovechando todos los espacios pedag\u00f3gicos ofrecidos por el Colegio en el Proyecto Educativo Institucional y asumiendo compromisos permanentes de aprendizaje individual.<br \/>\u00a0<br \/>Actuar con respeto, rectitud y tolerancia frente a sus compa\u00f1eros, profesores, directivos y dem\u00e1s personal del Colegio, garantizando el derecho de los dem\u00e1s, sin ning\u00fan tipo de discriminaci\u00f3n.<br \/>\u00a0<br \/>Mantener el buen nombre del Colegio en el entorno familiar y social, actuando con respeto, urbanidad, civismo y buenas costumbres.<br \/>\u00a0<br \/>Proponer iniciativas que mejoren la prestaci\u00f3n del servicio educativo y el bienestar de la comunidad educativa del Colegio.<br \/>\u00a0<br \/>Acatar y poner en pr\u00e1ctica los mecanismos dise\u00f1ados para la participaci\u00f3n de la comunidad educativa.<\/p>\n<p>[\/vc_column_text][\/vc_column][\/vc_row][vc_row][vc_column][vc_empty_space][vc_text_separator title=&#8221;Derechos de los Estudiantes&#8221; border_width=&#8221;3&#8243;][vc_single_image image=&#8221;669&#8243; img_size=&#8221;large&#8221; alignment=&#8221;center&#8221;][vc_column_text]<\/p>\n<p>Conocer el Manual de Convivencia al firmar matr\u00edcula.<\/p>\n<p>\u00a0<br \/>Recibir una formaci\u00f3n en la filosof\u00eda, los principios, la misi\u00f3n y la visi\u00f3n de la instituci\u00f3n.<\/p>\n<p>\u00a0<br \/>Elegir y ser elegido(a) en cualquier organismo representativo y\/o de participaci\u00f3n, conforme a las disposiciones estipuladas en el Marco Legal, Decreto 1860 de 1994, Art. 17, numeral 8.<br \/>\u00a0<br \/>Participar de todas las actividades que programe el colegio.<br \/>\u00a0<br \/>Recibir el carn\u00e9 estudiantil que lo identifica como estudiante del colegio.<br \/>\u00a0<br \/>Conocer las anotaciones del observador y hoja de vida, relacionadas con su rendimiento acad\u00e9mico y de convivencia.<\/p>\n<p>\u00a0<br \/>Recibir por parte de los profesores la orientaci\u00f3n y apoyo en su formaci\u00f3n acad\u00e9mica y de convivencia.<\/p>\n<p>\u00a0<br \/>Participar en las clases y actividades programadas por la instituci\u00f3n.<\/p>\n<p>\u00a0<br \/>Usar y disfrutar de los elementos y materiales que posee la instituci\u00f3n para su formaci\u00f3n integral.<\/p>\n<p>\u00a0<br \/>Que los procesos evaluativos sean claros, pedag\u00f3gicamente preparados, valorados y entregados personalmente por el profesor, m\u00e1ximo 8 d\u00edas h\u00e1biles despu\u00e9s de su aplicaci\u00f3n, recibiendo la explicaci\u00f3n de sus errores.<br \/>\u00a0<br \/>Conocer con anterioridad los contenidos y logros de cada asignatura y la metodolog\u00eda para su orientaci\u00f3n.<br \/>\u00a0<br \/>A ejercer la reflexi\u00f3n y exigencia frente a la educaci\u00f3n que se recibe por parte de los docentes.<br \/>\u00a0<br \/>Ser orientado y apoyado para el desarrollo y fortalecimiento de sus habilidades y competencias.<br \/>\u00a0<br \/>Ser escuchado siguiendo el conducto regular, acerca de los asuntos relacionados con su formaci\u00f3n y las reglamentaciones que rigen para todo miembro de la comunidad educativa.<br \/>\u00a0<br \/>Ser tratado con dignidad y respeto, sin discriminaci\u00f3n alguna, disfrutando de un ambiente de seguridad \u00e9tico-moral y f\u00edsico, por parte de toda la comunidad educativa.<br \/>\u00a0<br \/>Ser estimulado en sus logros y orientado para superar sus dificultades.<br \/>\u00a0<br \/>Recibir una formaci\u00f3n adecuada acerca de la prevenci\u00f3n del uso indebido de sustancias sicoactivas.<br \/>\u00a0<br \/>Recibir orientaci\u00f3n que le permita asumir responsablemente la sexualidad, sin el deterioro de la moral y las sanas costumbres.<br \/>\u00a0<br \/>Que se le respete la debida reserva cuando informe acerca de comportamientos que atenten contra la dignidad e integridad de los miembros de la instituci\u00f3n.<br \/>\u00a0<br \/>No ser sujeto de ning\u00fan tipo de maltrato.<br \/>\u00a0<br \/>A ser proclamado Bachiller.<br \/>\u00a0<br \/>A ser parte de las organizaciones, consejos y comit\u00e9s estipuladas por ley.<br \/>\u00a0<br \/>Recibir la atenci\u00f3n de salud que ofrece la instituci\u00f3n en caso de un accidente o lesi\u00f3n f\u00edsica.<br \/>\u00a0<br \/>Ejercer los recursos procedentes contra las decisiones por las cuales resulte afectado.<\/p>\n<p>[\/vc_column_text][\/vc_column][\/vc_row]<\/p>\n","protected":false},"excerpt":{"rendered":"<p>[vc_row][vc_column][vc_empty_space][vc_text_separator title=&#8221;Dec\u00e1logo del Estudiante&#8221; border_width=&#8221;3&#8243;][vc_single_image image=&#8221;668&#8243; img_size=&#8221;large&#8221; alignment=&#8221;center&#8221;][vc_column_text] Con Sentido de Trascendencia. Es un hombre y mujer de fe, convencidos de que el Dios de la vida y de la historia los llama a la construcci\u00f3n de un mundo, \u201cm\u00e1s justo, m\u00e1s solidario y m\u00e1s humano\u201d. \u00a0Con Visi\u00f3n Cient\u00edfica. Estamos seguros de que la investigaci\u00f3n [&hellip;]<\/p>\n","protected":false},"author":1,"featured_media":0,"parent":0,"menu_order":0,"comment_status":"closed","ping_status":"closed","template":"","meta":{"footnotes":""},"class_list":["post-269","page","type-page","status-publish","hentry"],"_links":{"self":[{"href":"https:\/\/www.realcsfa.edu.co\/portal\/wp-json\/wp\/v2\/pages\/269","targetHints":{"allow":["GET"]}}],"collection":[{"href":"https:\/\/www.realcsfa.edu.co\/portal\/wp-json\/wp\/v2\/pages"}],"about":[{"href":"https:\/\/www.realcsfa.edu.co\/portal\/wp-json\/wp\/v2\/types\/page"}],"author":[{"embeddable":true,"href":"https:\/\/www.realcsfa.edu.co\/portal\/wp-json\/wp\/v2\/users\/1"}],"replies":[{"embeddable":true,"href":"https:\/\/www.realcsfa.edu.co\/portal\/wp-json\/wp\/v2\/comments?post=269"}],"version-history":[{"count":4,"href":"https:\/\/www.realcsfa.edu.co\/portal\/wp-json\/wp\/v2\/pages\/269\/revisions"}],"predecessor-version":[{"id":1989,"href":"https:\/\/www.realcsfa.edu.co\/portal\/wp-json\/wp\/v2\/pages\/269\/revisions\/1989"}],"wp:attachment":[{"href":"https:\/\/www.realcsfa.edu.co\/portal\/wp-json\/wp\/v2\/media?parent=269"}],"curies":[{"name":"wp","href":"https:\/\/api.w.org\/{rel}","templated":true}]}}