{"id":267,"date":"2019-04-16T10:40:53","date_gmt":"2019-04-16T15:40:53","guid":{"rendered":"https:\/\/www.realcsfa.edu.co\/portal\/?page_id=267"},"modified":"2023-05-16T12:33:49","modified_gmt":"2023-05-16T17:33:49","slug":"exalumnos","status":"publish","type":"page","link":"https:\/\/www.realcsfa.edu.co\/portal\/exalumnos\/","title":{"rendered":"Exalumnos"},"content":{"rendered":"<p>[vc_row][vc_column][vc_empty_space][vc_column_text]<\/p>\n<p>Los ex-alumnos del Real Colegio San Francisco de As\u00eds, tienen derecho a elegir un representante ante el Consejo Directivo, de ternas presentadas por las organizaciones que aglutinen la mayor\u00eda de ellos o en su defecto, por quien haya ejercido en el a\u00f1o inmediatamente anterior el cargo de representante de los estudiantes.<\/p>\n<p>&nbsp;<\/p>\n<p>[\/vc_column_text][\/vc_column][\/vc_row][vc_row][vc_column][vc_empty_space][vc_text_separator title=&#8221;Asociaci\u00f3n de Exalumnos del Real Colegio San Francisco de As\u00eds de Popay\u00e1n&#8221; border_width=&#8221;4&#8243;][vc_column_text]<\/p>\n<p style=\"text-align: center;\"><strong>ESTATUTOS<\/strong><br \/>\n<strong>Consideraci\u00f3n preliminar<\/strong><\/p>\n<p>En el a\u00f1o 1961, exalumnos del antiguo Colegio Seminario de Popay\u00e1n acometieron la tarea de la creaci\u00f3n de un nuevo colegio que llenara este vac\u00edo y como resultado de ello, en 1963 acordaron con la comunidad Vicentina la creaci\u00f3n del Real Colegio San Francisco de As\u00eds de Popay\u00e1n que inici\u00f3 actividades el cuatro (4) de octubre de ese a\u00f1o. Transcurridos cincuenta a\u00f1os de egresadas las primeras promociones, un grupo de exalumnos acord\u00f3 conformar una asociaci\u00f3n de exalumnos que se regir\u00e1 por los presentes estatutos.<\/p>\n<p style=\"text-align: center;\"><strong>Cap\u00edtulo 1<\/strong><br \/>\n<strong>Denominaci\u00f3n y Domicilio<\/strong><\/p>\n<p><strong>Art\u00edculo 1. Denominaci\u00f3n:<\/strong> La entidad sin \u00e1nimo de lucro que se constituye se denominar\u00e1 Asociaci\u00f3n de Exalumnos del Real Colegio San Francisco de As\u00eds de Popay\u00e1n, se organiza como una persona jur\u00eddica de derecho privado, sin \u00e1nimo de lucro, con fundamento en el art\u00edculo 38 de la Constituci\u00f3n Pol\u00edtica y regida por los presentes estatutos. Su duraci\u00f3n ser\u00e1 de 99 a\u00f1os y podr\u00e1 ser prorrogada por decisi\u00f3n de la Asamblea.<\/p>\n<p><strong>Art\u00edculo 2.<\/strong> <strong>Domicilio:<\/strong> La Asociaci\u00f3n de Exalumnos del Real Colegio San Francisco de As\u00eds de Popay\u00e1n tendr\u00e1 como domicilio principal la ciudad Popay\u00e1n, departamento del Cauca, pero podr\u00e1 ejercer sus actividades en toda la Rep\u00fablica de Colombia.<\/p>\n<p style=\"text-align: center;\"><strong>Cap\u00edtulo 2<\/strong><\/p>\n<p style=\"text-align: center;\"><strong>Objetivos, derechos y deberes<\/strong><\/p>\n<p><strong>Art\u00edculo 3. Objetivo general:<\/strong> Actuar como \u00f3rgano de integraci\u00f3n, cohesi\u00f3n y apoyo mutuo de los exalumnos del Real Colegio San Francisco de As\u00eds de Popay\u00e1n que se incorporen a la asociaci\u00f3n, dentro del alcance de estos estatutos y las disponibilidades de la organizaci\u00f3n.<\/p>\n<p><strong>Par\u00e1grafo 1.<\/strong> Para efectos de estos estatutos se considerar\u00e1n exalumnos quienes hayan terminado sus estudios en el Real Colegio San Francisco de As\u00eds de Popay\u00e1n y tengan un certificado que as\u00ed lo acredite. Tambi\u00e9n se tendr\u00e1n como tales quienes, por haber cursado varios a\u00f1os en la instituci\u00f3n soliciten ser aceptados, decisi\u00f3n que queda a juicio de la Junta Directiva.<\/p>\n<p>&nbsp;<\/p>\n<p><strong>Par\u00e1grafo 2.<\/strong> Quienes suscriban el Acta de Constituci\u00f3n de la Asociaci\u00f3n, tendr\u00e1n el car\u00e1cter de miembros fundadores y no requerir\u00e1n de ninguna aprobaci\u00f3n posterior. La calidad de miembro fundador no implica ninguna prerrogativa especial dentro de la<br \/>\norganizaci\u00f3n.<\/p>\n<p><strong>Art\u00edculo 4. Objetivos espec\u00edficos:<\/strong><br \/>\na) Velar por el bienestar de los asociados. Dentro de este objetivo, adelantar\u00e1 estrategias de apoyo mutuo y crear\u00e1 medios de comunicaci\u00f3n e integraci\u00f3n con los exalumnos del Real Colegio San Francisco de As\u00eds de Popay\u00e1n.<br \/>\nb) Difundir los hechos y circunstancias que enaltezcan a los asociados y al Real Colegio San Francisco de As\u00eds de Popay\u00e1n.<br \/>\nc) Dise\u00f1ar y ejecutar estrategias de colaboraci\u00f3n entre los exalumnos y el Real Colegio San Francisco de As\u00eds de Popay\u00e1n. Dentro de este objetivo, actuar\u00e1 como enlace para la consecuci\u00f3n de apoyos para la operaci\u00f3n y financiaci\u00f3n del Real Colegio San Francisco de As\u00eds de Popay\u00e1n.<\/p>\n<p><strong>Art\u00edculo 5. Derechos de los Asociados:<\/strong><br \/>\na) Recibir los beneficios que la Asociaci\u00f3n ofrezca a los asociados.<br \/>\nb) Proponer proyectos o iniciativas a la Asamblea y participar en los debates sobre ellas.<br \/>\nc) Recibir informes sobre programas y proyectos en desarrollo y sobre el estado de la adminstraci\u00f3n.<br \/>\nd) Los exalumnos activos podr\u00e1n participar, con voz y voto, en las Asambleas ordinarias y extraordinarias.<br \/>\ne) Los exalumnos activos tendr\u00e1n derecho a elegir y a ser elegidos en los \u00f3rganos de direcci\u00f3n y administraci\u00f3n.<\/p>\n<p><strong>Art\u00edculo 6. Deberes de los Asociados:<\/strong><br \/>\na) Cumplir estos estatutos.<br \/>\nb) Asistir a las reuniones de la Asamblea.<br \/>\nc) Cumplir con las obligaciones a cargo determinadas por la Asamblea.<br \/>\nd) Obrar con lealtad hacia la Asociaci\u00f3n y los asociados.<\/p>\n<p style=\"text-align: center;\"><strong>Cap\u00edtulo 3<\/strong><br \/>\n<strong>Patrimonio<\/strong><\/p>\n<p><strong>Art\u00edculo 7.<\/strong> El patrimonio de la Asociaci\u00f3n de Exalumnos del Real Colegio San Francisco de As\u00eds de Popay\u00e1n, estar\u00e1 constituido por todos los bienes, materiales o inmateriales, que adquiera a cualquier t\u00edtulo, por alguno de los modos de adquisici\u00f3n de dominio existentes<\/p>\n<p>en la legislaci\u00f3n colombiana, mediante los aportes de los asociados o por cualquier otro medio l\u00edcito.<\/p>\n<p style=\"text-align: center;\"><strong>Cap\u00edtulo 4<\/strong><\/p>\n<p style=\"text-align: center;\"><strong>\u00d3rganos de direcci\u00f3n y administraci\u00f3n<\/strong><\/p>\n<p><strong>Art\u00edculo 8.<\/strong> Los \u00f3rganos de direcci\u00f3n y administraci\u00f3n de la Asociaci\u00f3n de Exalumnos del Real Colegio San Francisco de As\u00eds de Popay\u00e1n estar\u00e1n conformados por la Asamblea General y la Junta Directiva. Adicionalmente tendr\u00e1 un Revisor Fiscal, designado por la Asamblea.<\/p>\n<p><strong>Art\u00edculo 9.<\/strong> De la Asamblea General: Estar\u00e1 integrada por la totalidad de los exalumnos activos, vinculados a la Asociaci\u00f3n, ya sean fundadores o vinculados posteriormente. Son exalumnos activos aquellos que est\u00e9n al d\u00eda con las obligaciones determinadas por la<br \/>\nAsamblea a 31 de diciembre del a\u00f1o inmediatamente anterior, sin que importe la fecha en que hayan cumplido con ellas.<\/p>\n<p><strong>Reuniones:<\/strong> La Asamblea se reunir\u00e1 ordinariamente al menos una vez al a\u00f1o y de manera extraordinaria cuando la convoque la Junta Directiva, el Revisor Fiscal o un n\u00famero plural de asociados que represente por lo menos el <strong>25%<\/strong> de los integrantes. Las reuniones<br \/>\npodr\u00e1n ser virtuales mediante la utilizaci\u00f3n de los medios de comunicaci\u00f3n existentes, la Asamblea determinar\u00e1 los procedimientos para ello.<\/p>\n<p><strong>Quorum:<\/strong> Las asambleas ser\u00e1n v\u00e1lidas con la asistencia de la mitad m\u00e1s uno de los integrantes activos y sus decisiones se considerar\u00e1n aprobadas con el asentimiento de la mitad m\u00e1s uno de los asistentes. Si no hubiere quorum, esperar\u00e1 una (1) hora y podr\u00e1 funcionar v\u00e1lidamente con el 45% de los integrantes activos. Si tampoco fuere posible, se convocar\u00e1 a una nueva reuni\u00f3n dentro de los quince (15) d\u00edas siguientes, si en esta convocatoria nuevamente, no se logra el quorum, transcurrida una hora (1) podr\u00e1<br \/>\nsesionar v\u00e1lidamente con los asistentes presentes, sin perjuicio de las decisiones que requieran aprobaci\u00f3n calificada.<\/p>\n<p><strong>Funciones:<\/strong> Son funciones de la Asamblea:<br \/>\na) Dictar las normas que regulan el funcionamiento de los dem\u00e1s \u00f3rganos de direcci\u00f3n y administraci\u00f3n, la estructura administrativa, la planta de personal y sus remuneraciones cuando sea del caso.<br \/>\nb) Reglamentar estos estatutos cuando sea necesario.<br \/>\nc) Modificar estos estatutos, para lo cual deber\u00e1 contar con la aprobaci\u00f3n de m\u00e1s de la mitad de los integrantes de la Asociaci\u00f3n.<\/p>\n<p>d) Designar a los miembros de la Junta Directiva principales y suplentes para per\u00edodos de dos (2) a\u00f1os reelegibles. Aunque preferiblemente estos deben ser exalumnos miembros de la Asociaci\u00f3n, podr\u00e1 designar una (1) persona externa que, por sus<br \/>\ncalidades personales, considere que puede aportarle positivamente a la Asociaci\u00f3n.<br \/>\ne) Designar al Revisor Fiscal.<br \/>\nf) Establecer contribuciones a cargo de los asociados.<br \/>\ng) Resolver los recursos presentados por las sanciones impuestas a los asociados, por la Junta Directiva.<br \/>\nh) Aprobar el presupuesto anual.<br \/>\ni) Autorizar a la Junta Directiva los gastos que superen los cien (100) salarios m\u00ednimos mensuales legales vigentes.<br \/>\nj) Autorizar a la Junta Directiva el endeudamiento de la Asociaci\u00f3n, cuando \u00e9ste supere los cincuenta (50) salarios m\u00ednimos mensuales legales vigentes.<br \/>\nk) Autorizar a la Junta Directiva la compra o la venta de inmuebles de propiedad de la Asociaci\u00f3n.<br \/>\nl) Definir los procedimientos para el uso de formas alternativas de reuni\u00f3n.<br \/>\nm) Darse su propio reglamento.<\/p>\n<p><strong>Art\u00edculo 10.<\/strong> De la Junta Directiva Estar\u00e1 integrada por cinco (5) miembros principales y tres (3) suplentes que reemplazar\u00e1n la ausencia de cualquiera de los principales. Los miembros de la Junta Directiva son elegidos por la Asamblea General para per\u00edodos de dos<strong> (2)<\/strong> a\u00f1os reelegibles; sin embargo, si cumplido este tiempo a\u00fan no se ha reunido la Asamblea, continuar\u00e1n ejerciendo sus funciones hasta cuando se haga la nueva designaci\u00f3n.<\/p>\n<p><strong>Funciones:<\/strong> Son funciones de la Junta Directiva<br \/>\na) Designar de entre sus integrantes al Presidente y Vicepresidente de la misma. El Vicepresidente reemplazar\u00e1 las vacancias del presidente.<br \/>\nb) El Presidente actuar\u00e1 como representante legal de la Asociaci\u00f3n de Exalumnos del Real Colegio San Francisco de As\u00eds de Popay\u00e1n. Para que el Vicepresidente pueda sumir esta representaci\u00f3n debe estar expresamente autorizado por la Junta Directiva.<br \/>\nc) Dirigir todas las actividades relacionadas con el funcionamiento de la Asociaci\u00f3n de acuerdo con los lineamientos de la Asamblea General y de estos estatutos.<br \/>\nd) Establecer la estructura administrativa y financiera, de acuerdo con las necesidades de la Asociaci\u00f3n y sin perjuicio de las facultades de la Asamblea.<br \/>\ne) Autorizar al representante legal para contrataciones que superen los cinco <strong>(5)<\/strong>, salarios m\u00ednimos mensuales legales vigentes.<br \/>\nf) Aprobar el ingreso de los exalumnos como miembros de la Asociaci\u00f3n.<\/p>\n<p>g) Imponer sanciones por faltas graves contra la Asociaci\u00f3n o contra los asociados por razones relacionadas con la Asociaci\u00f3n misma. Las sanciones ser\u00e1n de amonestaci\u00f3n o expulsi\u00f3n y, en cualquier caso, ser\u00e1n susceptibles de recurso de apelaci\u00f3n ante la Asamblea.<br \/>\nh) Las dem\u00e1s que no est\u00e9n asignadas a otra dependencia dentro de la estructura.<\/p>\n<p>&nbsp;<\/p>\n<p><strong>Art\u00edculo 11.<\/strong> Del Representante Legal: El Representante legal de la Asociaci\u00f3n de Exalumnos del Real Colegio San Francisco de As\u00eds de Popay\u00e1n, ser\u00e1 el Presidente de la Junta Directiva pero podr\u00e1 delegar, bajo su responsabilidad, algunas de las funciones<br \/>\nadministrativas en los funcionarios de la planta de personal aprobada por la Asamblea.<\/p>\n<p><strong>Funciones:<\/strong> Son funciones del Representante Legal<br \/>\na) Dirigir la marcha administrativa de la asociaci\u00f3n.<br \/>\nb) Ordenar el gasto y, en coordinaci\u00f3n con las personas designadas para el efecto, ser\u00e1 responsable del manejo de cuentas bancarias.<br \/>\nc) Nombrar el personal de la planta aprobada por la Asamblea y ordenar el pago de sus asignaciones peri\u00f3dicas.<br \/>\nd) Representar a la Asociaci\u00f3n en todos los actos o contratos que \u00e9sta deba suscribir.<br \/>\ne) Representar a la Asociaci\u00f3n en las entidades en las que la Asociaci\u00f3n tenga asiento.<br \/>\nf) Administrar los bienes muebles o inmuebles de la asociaci\u00f3n.<br \/>\ng) Las dem\u00e1s que sean necesarias para la buena marcha de la administraci\u00f3n.<\/p>\n<p><strong>Art\u00edculo 12.<\/strong> <strong>Del Revisor Fiscal:<\/strong> El Revisor Fiscal es persona designada como \u00f3rgano de control nombrado por la Asamblea, ante los responsables de la direcci\u00f3n y administraci\u00f3n. En tal condici\u00f3n velar\u00e1 por el cumplimiento de los objetivos asociativos, de las decisiones de la Asamblea y por el buen uso de los recursos f\u00edsicos y financieros. El Revisor Fiscal asistir\u00e1 a las reuniones de la Junta Directiva y tendr\u00e1 acceso a la informaci\u00f3n administrativa, contable y financiera y presentar\u00e1 cada a\u00f1o en la Asamblea<br \/>\nordinaria, un informe de su gesti\u00f3n y del estado de administrativo y financiero.<\/p>\n<p>&nbsp;<\/p>\n<p><strong>Art\u00edculo 13. R\u00e9gimen disciplinario:<\/strong> Para efectos de las sanciones previstas entre las funciones de la Junta Directiva, se tendr\u00e1n en cuenta los siguientes lineamientos:<br \/>\n<strong>Faltas graves.<\/strong> Ser\u00e1n faltas graves y dar\u00e1n lugar a la expulsi\u00f3n de la Asociaci\u00f3n de Exalumnos del Real Colegio San Francisco de As\u00eds de Popay\u00e1n las siguientes:<br \/>\na) Toda actividad de uno o varios asociados orientada a desacreditar la Asociaci\u00f3n, atentar contra sus bienes o su estabilidad administrativa o financiera.<br \/>\nb) Los actos de agresi\u00f3n f\u00edsica de un asociado contra otro, por razones que tengan que ver con la Asociaci\u00f3n, dentro de sus instalaciones o durante una sesi\u00f3n de sus organismos.<\/p>\n<p>c) La agresi\u00f3n f\u00edsica de un asociado contra los miembros de la Junta Directiva, el Revisor Fiscal o los empleados de la Asociaci\u00f3n, por razones que tengan que ver con la asociaci\u00f3n, dentro de sus instalaciones o durante una sesi\u00f3n de sus organismos.<br \/>\nd) Incurrir reiteradamente en acciones consideradas faltas leves.<br \/>\n<strong>Faltas Leves:<\/strong> Las faltas leves dar\u00e1n lugar a amonestaciones escritas y se tendr\u00e1n como tales:<br \/>\na) Las actitudes o expresiones ofensivas contra la Asociaci\u00f3n que no afectan su estructura o funcionamiento.<br \/>\nb) Las actitudes o expresiones ofensivas contra otros asociados, con motivo del ejercicio de las actividades asociativa.<br \/>\nc) Las actitudes o expresiones ofensivas contra los miembros de la Junta Directiva, el Revisor Fiscal o los empleados, por motivos relacionados con la Asociaci\u00f3n, dentro de sus instalaciones o durante una sesi\u00f3n de sus organismos.<br \/>\nd) La inasistencia, personal o por poder, a dos (2) sesiones consecutivas de la Asamblea anual. Par\u00e1grafo. El incumplimiento en las obligaciones establecidas por la Asamblea a los asociados, dar\u00e1 lugar a la consideraci\u00f3n de \u201cno activo\u201d y no constituye falta.<\/p>\n<p style=\"text-align: center;\"><strong>Cap\u00edtulo 5<\/strong><br \/>\n<strong>Disoluci\u00f3n y Liquidaci\u00f3n<\/strong><\/p>\n<p><strong>Art\u00edculo 14. Disoluci\u00f3n:<\/strong> La Asociaci\u00f3n de Exalumnos del Real Colegio San Francisco de As\u00eds de Popay\u00e1n se disolver\u00e1 cuando se cumpla el plazo indicado en el art\u00edculo 1 de estos estatutos.<\/p>\n<p><strong>Art\u00edculo 15. Liquidaci\u00f3n:<\/strong> La Asociaci\u00f3n de Exalumnos del Real Colegio San Francisco de As\u00eds de Popay\u00e1n, podr\u00e1 ser liquidada en cualquier tiempo por decisi\u00f3n de la Asamblea General con voto favorable de las tres cuartas partes de sus integrantes.<\/p>\n<p>&nbsp;<\/p>\n<p><strong>Art\u00edculo 16. Disposici\u00f3n de bienes:<\/strong> En caso de disoluci\u00f3n o liquidaci\u00f3n de la Asociaci\u00f3n de Exalumnos del Real Colegio San Francisco de As\u00eds de Popay\u00e1n, los bienes que posea pasar\u00e1n al Real Colegio San Francisco de As\u00eds de Popay\u00e1n, en caso de que ello no fuere posible, se traspasar\u00e1n a una instituci\u00f3n similar a \u00e9ste.[\/vc_column_text][\/vc_column][\/vc_row]<\/p>\n","protected":false},"excerpt":{"rendered":"<p>[vc_row][vc_column][vc_empty_space][vc_column_text] Los ex-alumnos del Real Colegio San Francisco de As\u00eds, tienen derecho a elegir un representante ante el Consejo Directivo, de ternas presentadas por las organizaciones que aglutinen la mayor\u00eda de ellos o en su defecto, por quien haya ejercido en el a\u00f1o inmediatamente anterior el cargo de representante de los estudiantes. &nbsp; [\/vc_column_text][\/vc_column][\/vc_row][vc_row][vc_column][vc_empty_space][vc_text_separator title=&#8221;Asociaci\u00f3n [&hellip;]<\/p>\n","protected":false},"author":1,"featured_media":0,"parent":0,"menu_order":0,"comment_status":"closed","ping_status":"closed","template":"","meta":{"footnotes":""},"class_list":["post-267","page","type-page","status-publish","hentry"],"_links":{"self":[{"href":"https:\/\/www.realcsfa.edu.co\/portal\/wp-json\/wp\/v2\/pages\/267","targetHints":{"allow":["GET"]}}],"collection":[{"href":"https:\/\/www.realcsfa.edu.co\/portal\/wp-json\/wp\/v2\/pages"}],"about":[{"href":"https:\/\/www.realcsfa.edu.co\/portal\/wp-json\/wp\/v2\/types\/page"}],"author":[{"embeddable":true,"href":"https:\/\/www.realcsfa.edu.co\/portal\/wp-json\/wp\/v2\/users\/1"}],"replies":[{"embeddable":true,"href":"https:\/\/www.realcsfa.edu.co\/portal\/wp-json\/wp\/v2\/comments?post=267"}],"version-history":[{"count":3,"href":"https:\/\/www.realcsfa.edu.co\/portal\/wp-json\/wp\/v2\/pages\/267\/revisions"}],"predecessor-version":[{"id":1954,"href":"https:\/\/www.realcsfa.edu.co\/portal\/wp-json\/wp\/v2\/pages\/267\/revisions\/1954"}],"wp:attachment":[{"href":"https:\/\/www.realcsfa.edu.co\/portal\/wp-json\/wp\/v2\/media?parent=267"}],"curies":[{"name":"wp","href":"https:\/\/api.w.org\/{rel}","templated":true}]}}