{"id":1951,"date":"2023-05-16T12:17:46","date_gmt":"2023-05-16T17:17:46","guid":{"rendered":"https:\/\/www.realcsfa.edu.co\/portal\/?page_id=1951"},"modified":"2023-05-16T13:11:44","modified_gmt":"2023-05-16T18:11:44","slug":"personeria","status":"publish","type":"page","link":"https:\/\/www.realcsfa.edu.co\/portal\/personeria\/","title":{"rendered":"Personeria"},"content":{"rendered":"<p>[vc_row][vc_column][vc_column_text]<\/p>\n<p style=\"text-align: center;\"><img loading=\"lazy\" decoding=\"async\" class=\"aligncenter wp-image-1957 \" src=\"https:\/\/www.realcsfa.edu.co\/portal\/wp-content\/uploads\/2023\/05\/personero-200x300.jpg\" alt=\"\" width=\"145\" height=\"218\" srcset=\"https:\/\/www.realcsfa.edu.co\/portal\/wp-content\/uploads\/2023\/05\/personero-200x300.jpg 200w, https:\/\/www.realcsfa.edu.co\/portal\/wp-content\/uploads\/2023\/05\/personero.jpg 467w\" sizes=\"auto, (max-width: 145px) 100vw, 145px\" \/><strong>Juan Andres Cometa Mu\u00f1oz<\/strong><\/p>\n<p style=\"text-align: center;\"><strong>Personero Estudiantil<\/strong><\/p>\n<hr \/>\n<p>[\/vc_column_text][\/vc_column][\/vc_row][vc_row][vc_column][vc_column_text]Atendiendo lo dispuesto por el art\u00edculo 94 de la Ley 115 de 1994, el Colegio incorpora como \u00f3rgano de participaci\u00f3n estudiantil el Personero de los Estudiantes, elegido por los alumnos de la instituci\u00f3n, quien ser\u00e1 el encargado de promover el ejercicio de los deberes y derechos de los estudiantes consagrados en la Constituci\u00f3n Pol\u00edtica, las leyes, los reglamentos y el manual de convivencia y, de presentar ante la Rector\u00eda del establecimiento las solicitudes que considere necesarias para proteger los derechos de los estudiantes y facilitar el cumplimiento de sus deberes.<\/p>\n<p>De modo particular, el personero tendr\u00e1 las siguientes funciones (Decreto 1860 de 1994, art\u00edculo 28)<\/p>\n<p>a) Promover el cumplimiento de los derechos y deberes de los estudiantes, utilizando los medios de comunicaci\u00f3n interna del Colegio, pedir la colaboraci\u00f3n del consejo de estudiantes, organizar foros u otras formas de deliberaci\u00f3n.<br \/>\nb) Recibir y evaluar las quejas y reclamos que presenten los educandos sobre lesiones a sus derechos y las que formule cualquier persona de la comunidad sobre el incumplimiento de las obligaciones de los alumnos.<\/p>\n<p>c) Presentar ante el Rector del Colegio las solicitudes de oficio o a petici\u00f3n de parte que considere necesarias para proteger los derechos de los estudiantes y facilitar el cumplimiento de sus deberes.<br \/>\nd) Apelar ante el Consejo Directivo las decisiones del Rector respecto a las peticiones presentadas por su intermedio.[\/vc_column_text][\/vc_column][\/vc_row][vc_row][vc_column][vc_text_separator title=&#8221;Requisitos para ser candidatos a la Personer\u00eda Estudiantil&#8221; border_width=&#8221;3&#8243;][\/vc_column][\/vc_row][vc_row][vc_column][vc_column_text]<\/p>\n<p style=\"text-align: center;\"><strong>Requisitos:<\/strong><\/p>\n<p>a) Estar cursando el grado 11\u00b0 de la educaci\u00f3n media, \u00faltimo grado que ofrece el establecimiento educativo.<br \/>\nb) Ser conocedores del Proyecto Educativo Institucional y del Manual de Convivencia.<br \/>\nc) Mostrar excelente conducta, disciplina, buen rendimiento acad\u00e9mico, capacidad de liderazgo, compromiso y alto sentido de pertenencia con el Colegio, solidaridad y conciencia humanitaria.<br \/>\nd) Llevar como m\u00ednimo cuatro (4) a\u00f1os de permanencia en la instituci\u00f3n.<br \/>\ne) Adjuntar copias del Observador del estudiante y de las notas finales de los \u00faltimos cuatro (4) a\u00f1os cursados, las cuales den cuenta de que cumple el literal.<br \/>\nf) Adjuntar hoja de vida y programa de gobierno, el cual ser\u00e1 revisado por un comit\u00e9 que designe el Rector y que podr\u00e1 sugerir cambios o adiciones al mismo.<br \/>\ng) El ejercicio del cargo de Personero de los Estudiantes es incompatible con el de representante de los estudiantes ante el Consejo Directivo.<br \/>\nh) El Personero de los Estudiantes se elegir\u00e1 en el primer mes de iniciado el a\u00f1o lectivo. La Rector\u00eda har\u00e1 la convocatoria a todos los estudiantes matriculados con el fin de elegirlo por el sistema de mayor\u00eda simple y mediante voto secreto.[\/vc_column_text][\/vc_column][\/vc_row]<\/p>\n","protected":false},"excerpt":{"rendered":"<p>[vc_row][vc_column][vc_column_text] Juan Andres Cometa Mu\u00f1oz Personero Estudiantil [\/vc_column_text][\/vc_column][\/vc_row][vc_row][vc_column][vc_column_text]Atendiendo lo dispuesto por el art\u00edculo 94 de la Ley 115 de 1994, el Colegio incorpora como \u00f3rgano de participaci\u00f3n estudiantil el Personero de los Estudiantes, elegido por los alumnos de la instituci\u00f3n, quien ser\u00e1 el encargado de promover el ejercicio de los deberes y derechos de los [&hellip;]<\/p>\n","protected":false},"author":1,"featured_media":0,"parent":0,"menu_order":0,"comment_status":"closed","ping_status":"closed","template":"","meta":{"footnotes":""},"class_list":["post-1951","page","type-page","status-publish","hentry"],"_links":{"self":[{"href":"https:\/\/www.realcsfa.edu.co\/portal\/wp-json\/wp\/v2\/pages\/1951","targetHints":{"allow":["GET"]}}],"collection":[{"href":"https:\/\/www.realcsfa.edu.co\/portal\/wp-json\/wp\/v2\/pages"}],"about":[{"href":"https:\/\/www.realcsfa.edu.co\/portal\/wp-json\/wp\/v2\/types\/page"}],"author":[{"embeddable":true,"href":"https:\/\/www.realcsfa.edu.co\/portal\/wp-json\/wp\/v2\/users\/1"}],"replies":[{"embeddable":true,"href":"https:\/\/www.realcsfa.edu.co\/portal\/wp-json\/wp\/v2\/comments?post=1951"}],"version-history":[{"count":2,"href":"https:\/\/www.realcsfa.edu.co\/portal\/wp-json\/wp\/v2\/pages\/1951\/revisions"}],"predecessor-version":[{"id":1958,"href":"https:\/\/www.realcsfa.edu.co\/portal\/wp-json\/wp\/v2\/pages\/1951\/revisions\/1958"}],"wp:attachment":[{"href":"https:\/\/www.realcsfa.edu.co\/portal\/wp-json\/wp\/v2\/media?parent=1951"}],"curies":[{"name":"wp","href":"https:\/\/api.w.org\/{rel}","templated":true}]}}