{"id":1169,"date":"2019-05-07T16:11:49","date_gmt":"2019-05-07T21:11:49","guid":{"rendered":"https:\/\/www.realcsfa.edu.co\/portal\/?page_id=1169"},"modified":"2023-05-16T10:11:30","modified_gmt":"2023-05-16T15:11:30","slug":"teatro","status":"publish","type":"page","link":"https:\/\/www.realcsfa.edu.co\/portal\/teatro\/","title":{"rendered":"Teatro"},"content":{"rendered":"<p>[vc_row][vc_column][vc_tta_tabs style=&#8221;modern&#8221; color=&#8221;mulled-wine&#8221; spacing=&#8221;2&#8243; active_section=&#8221;1&#8243;][vc_tta_section title=&#8221;Descripci\u00f3n&#8221; tab_id=&#8221;1677848080764-0bd6ca81-0630&#8243;][vc_column_text]Es una de las actividades culturales y art\u00edsticas m\u00e1s antiguas que conoce la humanidad, en el Real Colegio San Francisco de As\u00eds contamos con este arte desde el grado primero al grado once, para cada uno de ellos se tiene realizado un plan que ayude al estudiante franciscano tanto en el aula de creaci\u00f3n como por fuera de ella.<\/p>\n<p><strong>\u00bfC\u00f3mo as\u00ed?<\/strong><br \/>\nEn la clase de TEATRO trabajamos varios aspectos t\u00e9cnicos y pr\u00e1cticos para la realizaci\u00f3n de un montaje esc\u00e9nico teatral como lo son: vocalizaci\u00f3n, proyecci\u00f3n, control del espacio, entre otros.<\/p>\n<p>Pero los aspectos en los que se ha enfocado la clase a sido la disciplina, concentraci\u00f3n y escucha. Son estas las herramientas que los estudiantes pueden llevarse a casa y practicarlas en su d\u00eda a d\u00eda. Esto hace que el TEATRO apoye al educando a trabajar en todo momento.<\/p>\n<p><strong>\u00bfC\u00f3mo se trabaja?<\/strong><br \/>\nEn primaria se trabaja las t\u00e9cnicas teatrales mediante el juego y en bachillerato se trabaja mas a fondo, de manera investigativa y claramente, pr\u00e1cticas con ejercicios en escenas, entre ellos improvisaci\u00f3n, voz y otros.<\/p>\n<p>De igual manera el colegio retomar\u00e1 e impulsa esta art\u00edstica a nivel regional por medio<br \/>\ndel <strong>FESTIVAL INTERCOLEGIADO DE TEATRO<\/strong> que este a\u00f1o se realizar\u00e1 el 10 y 11 de mayo<br \/>\ncon la participaci\u00f3n de la mayor\u00eda de instituciones de Popay\u00e1n.<\/p>\n<p><strong>Docente:<\/strong><br \/>\n<strong>Yessica Andrea D\u00edaz Pancho.<\/strong>[\/vc_column_text][\/vc_tta_section][vc_tta_section title=&#8221;Galeria&#8221; tab_id=&#8221;1677848080764-dfa528ed-fe3d&#8221;][vc_gallery type=&#8221;flexslider_slide&#8221; interval=&#8221;3&#8243; css_animation=&#8221;fadeInRightBig&#8221;][\/vc_tta_section][\/vc_tta_tabs][\/vc_column][\/vc_row]<\/p>\n","protected":false},"excerpt":{"rendered":"<p>[vc_row][vc_column][vc_tta_tabs style=&#8221;modern&#8221; color=&#8221;mulled-wine&#8221; spacing=&#8221;2&#8243; active_section=&#8221;1&#8243;][vc_tta_section title=&#8221;Descripci\u00f3n&#8221; tab_id=&#8221;1677848080764-0bd6ca81-0630&#8243;][vc_column_text]Es una de las actividades culturales y art\u00edsticas m\u00e1s antiguas que conoce la humanidad, en el Real Colegio San Francisco de As\u00eds contamos con este arte desde el grado primero al grado once, para cada uno de ellos se tiene realizado un plan que ayude al estudiante franciscano tanto [&hellip;]<\/p>\n","protected":false},"author":1,"featured_media":0,"parent":0,"menu_order":0,"comment_status":"closed","ping_status":"closed","template":"","meta":{"footnotes":""},"class_list":["post-1169","page","type-page","status-publish","hentry"],"_links":{"self":[{"href":"https:\/\/www.realcsfa.edu.co\/portal\/wp-json\/wp\/v2\/pages\/1169","targetHints":{"allow":["GET"]}}],"collection":[{"href":"https:\/\/www.realcsfa.edu.co\/portal\/wp-json\/wp\/v2\/pages"}],"about":[{"href":"https:\/\/www.realcsfa.edu.co\/portal\/wp-json\/wp\/v2\/types\/page"}],"author":[{"embeddable":true,"href":"https:\/\/www.realcsfa.edu.co\/portal\/wp-json\/wp\/v2\/users\/1"}],"replies":[{"embeddable":true,"href":"https:\/\/www.realcsfa.edu.co\/portal\/wp-json\/wp\/v2\/comments?post=1169"}],"version-history":[{"count":4,"href":"https:\/\/www.realcsfa.edu.co\/portal\/wp-json\/wp\/v2\/pages\/1169\/revisions"}],"predecessor-version":[{"id":1923,"href":"https:\/\/www.realcsfa.edu.co\/portal\/wp-json\/wp\/v2\/pages\/1169\/revisions\/1923"}],"wp:attachment":[{"href":"https:\/\/www.realcsfa.edu.co\/portal\/wp-json\/wp\/v2\/media?parent=1169"}],"curies":[{"name":"wp","href":"https:\/\/api.w.org\/{rel}","templated":true}]}}