{"id":1158,"date":"2019-05-07T16:11:49","date_gmt":"2019-05-07T21:11:49","guid":{"rendered":"https:\/\/www.realcsfa.edu.co\/portal\/?page_id=1158"},"modified":"2023-02-28T13:13:21","modified_gmt":"2023-02-28T18:13:21","slug":"musica","status":"publish","type":"page","link":"https:\/\/www.realcsfa.edu.co\/portal\/musica\/","title":{"rendered":"M\u00fasica"},"content":{"rendered":"<p>[vc_row][vc_column][vc_column_text]Los procesos art\u00edsticos en el Real Colegio San Francisco de As\u00eds en el \u00e1rea de m\u00fasica, tienen su principal enfoque en fortalecer los conocimientos musicales de los estudiantes por medio de talleres, juegos, ensambles y dem\u00e1s quehaceres te\u00f3ricos y pr\u00e1cticos para el entendimiento de la m\u00fasica, encaminado hacia el desarrollo de las distintas habilidades art\u00edsticas en diferentes instrumentos como la guitarra, piano, bajo el\u00e9ctrico, bater\u00eda y voz; de igual manera tambi\u00e9n se incluye en el \u00e1rea de m\u00fasica el conocimiento del folclore colombiano, las diferentes zonas m\u00e1s representativas con sus respectivos g\u00e9neros musicales, pues son de gran importancia para el crecimiento de la cultura nacional, del mismo modo, no cabe descartar las nuevas tendencias musicales que existen en el mundo que expanden nuestro conocimiento y nos hace estar a la vanguardia con los estudiantes que exploran estas nuevas directrices.<\/p>\n<p>&nbsp;<\/p>\n<p>Por otro lado pese a la coyuntura internacional frente a la pandemia, se rescata que en los a\u00f1os lectivos del 2021 al 2023, se han logrado varios proyectos en el \u00e1rea de art\u00edstica y en la materia de m\u00fasica, pues retomar la presencialidad fue un gran paso para la promulgaci\u00f3n y realizaci\u00f3n de los diferentes eventos que m\u00e1s han representado al colegio, como es el caso de los Juglares en sus 43 versiones, evento que tiene un gran recorrido y que ha logrado cautivar el coraz\u00f3n de los ni\u00f1os artistas, contando con un gran acogimiento entre las diferentes instituciones, un nuevo comienzo para seguir cultivando el alma musical y po\u00e9tica de los ni\u00f1os y j\u00f3venes del Cauca.<\/p>\n<p>&nbsp;<\/p>\n<p>De igual manera, se logra consolidar y crear proyectos paralelos en la instituci\u00f3n como la creaci\u00f3n de la Orquesta Juvenil del San Francisco de As\u00eds, proyecto que nace del profesor de m\u00fasica Oscar Revelo como pr\u00e1ctica instrumentista en conjunto de diferentes g\u00e9neros populares como la Salsa, Cumbia y m\u00fasica tropical, proyecto que ha logrado tener una buena acogida entre los estudiantes que interpretan diferentes instrumentos en este formato, logrando buenos resultado y llegando a participar en<br \/>\ndiferentes eventos en distintos escenarios de la ciudad.[\/vc_column_text][\/vc_column][\/vc_row]<\/p>\n","protected":false},"excerpt":{"rendered":"<p>[vc_row][vc_column][vc_column_text]Los procesos art\u00edsticos en el Real Colegio San Francisco de As\u00eds en el \u00e1rea de m\u00fasica, tienen su principal enfoque en fortalecer los conocimientos musicales de los estudiantes por medio de talleres, juegos, ensambles y dem\u00e1s quehaceres te\u00f3ricos y pr\u00e1cticos para el entendimiento de la m\u00fasica, encaminado hacia el desarrollo de las distintas habilidades art\u00edsticas [&hellip;]<\/p>\n","protected":false},"author":1,"featured_media":0,"parent":0,"menu_order":0,"comment_status":"closed","ping_status":"closed","template":"","meta":{"footnotes":""},"class_list":["post-1158","page","type-page","status-publish","hentry"],"_links":{"self":[{"href":"https:\/\/www.realcsfa.edu.co\/portal\/wp-json\/wp\/v2\/pages\/1158","targetHints":{"allow":["GET"]}}],"collection":[{"href":"https:\/\/www.realcsfa.edu.co\/portal\/wp-json\/wp\/v2\/pages"}],"about":[{"href":"https:\/\/www.realcsfa.edu.co\/portal\/wp-json\/wp\/v2\/types\/page"}],"author":[{"embeddable":true,"href":"https:\/\/www.realcsfa.edu.co\/portal\/wp-json\/wp\/v2\/users\/1"}],"replies":[{"embeddable":true,"href":"https:\/\/www.realcsfa.edu.co\/portal\/wp-json\/wp\/v2\/comments?post=1158"}],"version-history":[{"count":6,"href":"https:\/\/www.realcsfa.edu.co\/portal\/wp-json\/wp\/v2\/pages\/1158\/revisions"}],"predecessor-version":[{"id":1782,"href":"https:\/\/www.realcsfa.edu.co\/portal\/wp-json\/wp\/v2\/pages\/1158\/revisions\/1782"}],"wp:attachment":[{"href":"https:\/\/www.realcsfa.edu.co\/portal\/wp-json\/wp\/v2\/media?parent=1158"}],"curies":[{"name":"wp","href":"https:\/\/api.w.org\/{rel}","templated":true}]}}